{"id":1880,"date":"2014-03-30T07:11:54","date_gmt":"2014-03-30T07:11:54","guid":{"rendered":"http:\/\/themenectar.com\/demo\/salient-frostwave\/?page_id=1880"},"modified":"2014-03-30T07:11:54","modified_gmt":"2014-03-30T07:11:54","slug":"portfolio-fullwidth-style-three","status":"publish","type":"page","link":"http:\/\/psychiatrie-talova.cz\/index.php\/portfolio-fullwidth-style-three\/","title":{"rendered":"Portfolio Fullwidth Style Three + Lightbox Only"},"content":{"rendered":"[vc_row type=&#8220;full_width_background&#8220; bg_position=&#8220;left top&#8220; bg_repeat=&#8220;no-repeat&#8220; text_color=&#8220;dark&#8220; text_align=&#8220;left&#8220; top_padding=&#8220;100&#8243; bottom_padding=&#8220;80&#8243;][vc_column width=&#8220;1\/1&#8243;]<style type=\"text\/css\">#nectar-slider-instance-1, #nectar-slider-instance-1 .swiper-container { min-height: 300px; } @media only screen and (min-width: 1300px) { #nectar-slider-instance-1, #nectar-slider-instance-1 .swiper-container { height: 600px; }  } @media only screen and (max-width: 1299px) { #nectar-slider-instance-1, #nectar-slider-instance-1 .swiper-container { height: 500px; }  } @media only screen and (max-width: 1000px) { #nectar-slider-instance-1, #nectar-slider-instance-1 .swiper-container { height: 428.57142857143px; }  } @media only screen and (max-width: 690px) { #nectar-slider-instance-1, #nectar-slider-instance-1 .swiper-container { height: 222.22222222222px; }  } <\/style><div data-midnight=\"nectar-slider\" class=\"parallax_slider_outer \"><div  data-transition=\"swipe\" data-overall_style=\"classic\" data-flexible-height=\"\" data-animate-in-effect=\"none\" data-fullscreen=\"false\" data-button-sizing=\"regular\" data-button-styling=\"btn_with_count\" data-autorotate=\"\" data-parallax=\"true\" data-parallax-disable-mobile=\"\" data-caption-trans=\"fade_in_from_bottom\" data-parallax-style=\"bg_only\" data-bg-animation=\"none\" data-full-width=\"true\" class=\"nectar-slider-wrap \" id=\"nectar-slider-instance-1\"><div class=\"swiper-container\"  data-tho=\"auto\" data-tco=\"auto\" data-pho=\"auto\" data-pco=\"auto\" data-loop=\"true\" data-height=\"600\" data-min-height=\"300\" data-arrows=\"false\" data-bullets=\"false\" data-bullet_style=\"see_through\" data-bullet_position=\"bottom\" data-desktop-swipe=\"true\" data-settings=\"\"> <div class=\"swiper-wrapper\"><div class=\"swiper-slide\" data-desktop-content-width=\"\" data-tablet-content-width=\"\" data-bg-alignment=\"bottom\" data-color-scheme=\"light\" data-x-pos=\"centered\" data-y-pos=\"middle\" ><div class=\"slide-bg-wrap\"><div class=\"image-bg\" style=\"background-image: url(http:\/\/themenectar.com\/demo\/salient\/wp-content\/uploads\/2013\/09\/black-bg1.png);\"> &nbsp; <\/div><\/div><div class=\"container\">\n\t\t\t\t\t\t<div class=\"content\"><h2 class=\"ns-heading-el\">We Are Salient<\/h2><p  ><span>A creative agency that builds awesome stuff all day, every day<\/span><\/p><\/div>\n\t\t\t\t\t\t\t\t<\/div><!--\/container--><a href=\"#\" class=\"slider-down-arrow\"><i class=\"icon-salient-down-arrow icon-default-style\"> <span class=\"ie-fix\"><\/span> <\/i><\/a><div class=\"video-texture active_texture\"> <span class=\"ie-fix\"><\/span> <\/div><\/div> <!--\/swiper-slide--><\/div><div class=\"nectar-slider-loading \"> <span class=\"loading-icon none\">   <\/span> <\/div> <\/div> \n\t\t\t\t\t\n\t\t\t\t\t<\/div><\/div>[\/vc_column][\/vc_row][vc_row type=&#8220;full_width_content&#8220; bg_position=&#8220;left top&#8220; bg_repeat=&#8220;no-repeat&#8220; text_color=&#8220;dark&#8220; text_align=&#8220;left&#8220; top_padding=&#8220;0&#8243; bottom_padding=&#8220;0&#8243;][vc_column width=&#8220;1\/1&#8243;]\t\t\t\t\n\t\t\t\t\n\t\t\t\t\n\t\t\t\t<div class=\"portfolio-wrap \">\n\t\t\t\t\t\n\t\t\t\t\t\t\t\t\t\t\n\t\t\t\t\t<span class=\"portfolio-loading  none\">   <\/span>\n\t\t\t\t\t\n\t\t\t\t\t\t\t\t\t\t\n\t\t\t\t\t<div class=\"row portfolio-items no-masonry   constrain-max-cols\"  data-masonry-type=\"default\" data-ps=\"3\" data-starting-filter=\"default\" data-gutter=\"default\" data-categories-to-show=\"\" data-bypass-cropping=\"\" data-lightbox-only=\"true\" data-col-num=\"elastic\">\n\t\t\t\t\t\t\t\t\t\t\t\t\n\t\t\t\t\t\t\t\t\t\t\t\t\n\t\t\t\t\t\t<div class=\"col elastic-portfolio-item  element \"  data-project-cat=\"\" data-default-color=\"true\" data-title-color=\"\" data-subtitle-color=\"\">\n\t\t\t\t\t\t\t\n\t\t\t\t\t\t\t<div class=\"inner-wrap animated\" data-animation=\"none\">\n\t\t\t\t\t\t\t\t\n\t\t\t\t\t\t\t\t\t\t\t\t\t\t\t\t\t\n\t\t\t\t\t\t\t\t\t<div class=\"work-item style-3\" data-custom-content=\"off\" data-text-align=\"middle\">\n\t\t\t\t\t\t\t\t\t\t\n\t\t\t\t\t\t\t\t\t\t<img decoding=\"async\" class=\"no-img\" src=\"http:\/\/psychiatrie-talova.cz\/wp-content\/plugins\/salient-portfolio\/img\/no-portfolio-item-small.jpg\" alt=\"Cen\u00edk\" \/>\t\t\t\t\t\t\t\t\t\t\n\t\t\t\t\t\t\t\t\t\t<div class=\"work-info-bg\"><\/div>\n\t\t\t\t\t\t\t\t\t\t<div class=\"work-info\">\n\t\t\t\t\t\t\t\t\t\t\t\n\t\t\t\t\t\t\t\t\t\t\t\t\t\t\t\t\t\t\t\t\t\t\t\t\t\t<a href=\"\nWarning: Trying to access array offset on false in \/disk_1\/www\/cz\/psychiatrie-talova\/www\/wp-content\/plugins\/salient-portfolio\/includes\/frontend\/shortcode.php on line 855\n\"   class=\"pretty_photo\"><\/a>\n\t\t\t\t\t\t\t\t\t\t\t\t\t\t\t\t\t\t\t\t\t\t\t\t\t\n\t\t\t\t\t\t\t\t\t\t\t<div class=\"vert-center\">\n\t\t\t\t\t\t\t\t\t\t\t\t\t\n\t\t\t\t\t\t\t\t\t\t\t\t\t<h3>Cen\u00edk <\/h3> \n\t\t\t\t\t\t\t\t\t\t\t\t\t<p>19. 11. 2019<\/p>\t\t\t\t\t\t\t\t\t\t\t\t\t\t\t\t\t\t\t\t\t\t\t<\/div><!--\/vert-center-->\n\t\t\t\t\t\t\t\t\t\t\t\n\t\t\t\t\t\t\t\t\t\t<\/div>\n\t\t\t\t\t\t\t\t\t<\/div><!--work-item-->\n\t\t\t\t\t\t\t\t\t\n\t\t\t\t\t\t\t\t\t\t\t\t\t\t\t\t\n\t\t\t\t\t\t\t\t\n\t\t\t\t\t\t\t<\/div><!--\/inner-wrap-->\n\t\t\t\t\t\t<\/div><!--\/col-->\n\t\t\t\t\t\t\n\t\t\t\t\t\t\t\t\t\t\t\n\t\t\t\t\t\t\t\t\t\t\t\t\n\t\t\t\t\t\t<div class=\"col elastic-portfolio-item  element \"  data-project-cat=\"\" data-default-color=\"true\" data-title-color=\"\" data-subtitle-color=\"\">\n\t\t\t\t\t\t\t\n\t\t\t\t\t\t\t<div class=\"inner-wrap animated\" data-animation=\"none\">\n\t\t\t\t\t\t\t\t\n\t\t\t\t\t\t\t\t\t\t\t\t\t\t\t\t\t\n\t\t\t\t\t\t\t\t\t<div class=\"work-item style-3\" data-custom-content=\"off\" data-text-align=\"middle\">\n\t\t\t\t\t\t\t\t\t\t\n\t\t\t\t\t\t\t\t\t\t<img decoding=\"async\" class=\"no-img\" src=\"http:\/\/psychiatrie-talova.cz\/wp-content\/plugins\/salient-portfolio\/img\/no-portfolio-item-small.jpg\" alt=\"O mn\u011b\" \/>\t\t\t\t\t\t\t\t\t\t\n\t\t\t\t\t\t\t\t\t\t<div class=\"work-info-bg\"><\/div>\n\t\t\t\t\t\t\t\t\t\t<div class=\"work-info\">\n\t\t\t\t\t\t\t\t\t\t\t\n\t\t\t\t\t\t\t\t\t\t\t\t\t\t\t\t\t\t\t\t\t\t\t\t\t\t<a href=\"\nWarning: Trying to access array offset on false in \/disk_1\/www\/cz\/psychiatrie-talova\/www\/wp-content\/plugins\/salient-portfolio\/includes\/frontend\/shortcode.php on line 855\n\"   title=\"O MN\u011a:\r\n\r\nMUDr. Barbora Talov\u00e1\r\n\r\nPsychiatr, soudn\u00ed znalec\r\n\r\n\u010clenka \u010cesk\u00e9 l\u00e9ka\u0159sk\u00e9 komory, \u010cesk\u00e9 neuropsychofarmakologick\u00e9 spole\u010dnosti\r\n\r\nVzd\u011bl\u00e1n\u00ed:\r\nMasarykova Univerzita, Brno 2001 - 2007\r\n\r\n(L\u00e9ka\u0159sk\u00e1 fakulta, obor V\u0161eobecn\u00e9 l\u00e9ka\u0159stv\u00ed).\r\n\r\nPsychoterapeutick\u00fd v\u00fdcvik \/Gestalt, G5\/ 2010-2014.\r\n\r\nKurz soudn\u00edch znalc\u016f, Praha - 2014.\r\n\r\nDosavadn\u00ed praxe:\r\nFN Olomouc, Psychiatrick\u00e1 klinika, I\/2008 - XI\/2015, zam\u011bstnanec.\u00a0Doposud -\u00a0externista.\r\n\r\nUniverzita Palack\u00e9ho, L\u00e9ka\u0159sk\u00e1 fakulta, asistent od IV\/2008.\r\n\r\nAmbulance MUDr. Musilov\u00e9, Olomouc\u00a0- od VI\/2013.\r\n\r\nPoliklinika Agel, Olomouc - ambulantn\u00ed psychiatr IX\/2017 - XII\/2019.\r\n\r\nSoudn\u00ed znalec v oboru zdravotnictv\u00ed, odv\u011btv\u00ed psychiatrie od IV\/2017.\r\n\r\nVedouc\u00ed gerontopsychiatrick\u00e9 ambulance Pamatov\u00e1\u010dek, Olomouc od IX\/2018.\"  class=\"pretty_photo\"><\/a>\n\t\t\t\t\t\t\t\t\t\t\t\t\t\t\t\t\t\t\t\t\t\t\t\t\t\n\t\t\t\t\t\t\t\t\t\t\t<div class=\"vert-center\">\n\t\t\t\t\t\t\t\t\t\t\t\t\t\n\t\t\t\t\t\t\t\t\t\t\t\t\t<h3>O mn\u011b <\/h3> \n\t\t\t\t\t\t\t\t\t\t\t\t\t<p>19. 11. 2019<\/p>\t\t\t\t\t\t\t\t\t\t\t\t\t\t\t\t\t\t\t\t\t\t\t<\/div><!--\/vert-center-->\n\t\t\t\t\t\t\t\t\t\t\t\n\t\t\t\t\t\t\t\t\t\t<\/div>\n\t\t\t\t\t\t\t\t\t<\/div><!--work-item-->\n\t\t\t\t\t\t\t\t\t\n\t\t\t\t\t\t\t\t\t\t\t\t\t\t\t\t\n\t\t\t\t\t\t\t\t\n\t\t\t\t\t\t\t<\/div><!--\/inner-wrap-->\n\t\t\t\t\t\t<\/div><!--\/col-->\n\t\t\t\t\t\t\n\t\t\t\t\t\t\t\t\t\t\n\t\t\t\t<\/div><!--\/portfolio-->\n\t\t\t<\/div><!--\/portfolio wrap-->\n\t\t\t\n\t\t\t[\/vc_column][\/vc_row]\n","protected":false},"excerpt":{"rendered":"<p>[vc_row type=&#8220;full_width_background&#8220; bg_position=&#8220;left top&#8220; bg_repeat=&#8220;no-repeat&#8220; text_color=&#8220;dark&#8220; text_align=&#8220;left&#8220; top_padding=&#8220;100&#8243; bottom_padding=&#8220;80&#8243;][vc_column width=&#8220;1\/1&#8243;][\/vc_column][\/vc_row][vc_row type=&#8220;full_width_content&#8220; bg_position=&#8220;left top&#8220; bg_repeat=&#8220;no-repeat&#8220; text_color=&#8220;dark&#8220; text_align=&#8220;left&#8220; top_padding=&#8220;0&#8243; bottom_padding=&#8220;0&#8243;][vc_column width=&#8220;1\/1&#8243;][\/vc_column][\/vc_row]<\/p>\n","protected":false},"author":1,"featured_media":0,"parent":0,"menu_order":19,"comment_status":"open","ping_status":"open","template":"","meta":{"footnotes":""},"class_list":["post-1880","page","type-page","status-publish"],"yoast_head":"<!-- This site is optimized with the Yoast SEO plugin v27.4 - https:\/\/yoast.com\/product\/yoast-seo-wordpress\/ -->\n<title>Portfolio Fullwidth Style Three + Lightbox Only - Psychiatrick\u00e1 ambulance, nemocnice Hranice a.<\/title>\n<meta name=\"robots\" content=\"index, follow, max-snippet:-1, max-image-preview:large, max-video-preview:-1\" \/>\n<link rel=\"canonical\" href=\"http:\/\/psychiatrie-talova.cz\/index.php\/portfolio-fullwidth-style-three\/\" \/>\n<meta property=\"og:locale\" content=\"cs_CZ\" \/>\n<meta property=\"og:type\" content=\"article\" \/>\n<meta property=\"og:title\" content=\"Portfolio Fullwidth Style Three + Lightbox Only - Psychiatrick\u00e1 ambulance, nemocnice Hranice a.\" \/>\n<meta property=\"og:description\" content=\"[vc_row type=&#8220;full_width_background&#8220; bg_position=&#8220;left top&#8220; bg_repeat=&#8220;no-repeat&#8220; text_color=&#8220;dark&#8220; text_align=&#8220;left&#8220; top_padding=&#8220;100&#8243; bottom_padding=&#8220;80&#8243;][vc_column width=&#8220;1\/1&#8243;][\/vc_column][\/vc_row][vc_row type=&#8220;full_width_content&#8220; bg_position=&#8220;left top&#8220; bg_repeat=&#8220;no-repeat&#8220; text_color=&#8220;dark&#8220; text_align=&#8220;left&#8220; top_padding=&#8220;0&#8243; bottom_padding=&#8220;0&#8243;][vc_column width=&#8220;1\/1&#8243;][\/vc_column][\/vc_row]\" \/>\n<meta property=\"og:url\" content=\"http:\/\/psychiatrie-talova.cz\/index.php\/portfolio-fullwidth-style-three\/\" \/>\n<meta property=\"og:site_name\" content=\"Psychiatrick\u00e1 ambulance, nemocnice Hranice a.\" \/>\n<meta name=\"twitter:card\" content=\"summary_large_image\" \/>\n<script type=\"application\/ld+json\" class=\"yoast-schema-graph\">{\"@context\":\"https:\\\/\\\/schema.org\",\"@graph\":[{\"@type\":\"WebPage\",\"@id\":\"http:\\\/\\\/psychiatrie-talova.cz\\\/index.php\\\/portfolio-fullwidth-style-three\\\/\",\"url\":\"http:\\\/\\\/psychiatrie-talova.cz\\\/index.php\\\/portfolio-fullwidth-style-three\\\/\",\"name\":\"Portfolio Fullwidth Style Three + Lightbox Only - Psychiatrick\u00e1 ambulance, nemocnice Hranice a.\",\"isPartOf\":{\"@id\":\"https:\\\/\\\/psychiatrie-talova.cz\\\/#website\"},\"datePublished\":\"2014-03-30T07:11:54+00:00\",\"breadcrumb\":{\"@id\":\"http:\\\/\\\/psychiatrie-talova.cz\\\/index.php\\\/portfolio-fullwidth-style-three\\\/#breadcrumb\"},\"inLanguage\":\"cs\",\"potentialAction\":[{\"@type\":\"ReadAction\",\"target\":[\"http:\\\/\\\/psychiatrie-talova.cz\\\/index.php\\\/portfolio-fullwidth-style-three\\\/\"]}]},{\"@type\":\"BreadcrumbList\",\"@id\":\"http:\\\/\\\/psychiatrie-talova.cz\\\/index.php\\\/portfolio-fullwidth-style-three\\\/#breadcrumb\",\"itemListElement\":[{\"@type\":\"ListItem\",\"position\":1,\"name\":\"Dom\u016f\",\"item\":\"https:\\\/\\\/psychiatrie-talova.cz\\\/\"},{\"@type\":\"ListItem\",\"position\":2,\"name\":\"Portfolio Fullwidth Style Three + Lightbox Only\"}]},{\"@type\":\"WebSite\",\"@id\":\"https:\\\/\\\/psychiatrie-talova.cz\\\/#website\",\"url\":\"https:\\\/\\\/psychiatrie-talova.cz\\\/\",\"name\":\"Psychiatrick\u00e1 ambulance, nemocnice Hranice a.\",\"description\":\"Dal\u0161\u00ed web pou\u017e\u00edvaj\u00edc\u00ed WordPress\",\"potentialAction\":[{\"@type\":\"SearchAction\",\"target\":{\"@type\":\"EntryPoint\",\"urlTemplate\":\"https:\\\/\\\/psychiatrie-talova.cz\\\/?s={search_term_string}\"},\"query-input\":{\"@type\":\"PropertyValueSpecification\",\"valueRequired\":true,\"valueName\":\"search_term_string\"}}],\"inLanguage\":\"cs\"}]}<\/script>\n<!-- \/ Yoast SEO plugin. -->","yoast_head_json":{"title":"Portfolio Fullwidth Style Three + Lightbox Only - Psychiatrick\u00e1 ambulance, nemocnice Hranice a.","robots":{"index":"index","follow":"follow","max-snippet":"max-snippet:-1","max-image-preview":"max-image-preview:large","max-video-preview":"max-video-preview:-1"},"canonical":"http:\/\/psychiatrie-talova.cz\/index.php\/portfolio-fullwidth-style-three\/","og_locale":"cs_CZ","og_type":"article","og_title":"Portfolio Fullwidth Style Three + Lightbox Only - Psychiatrick\u00e1 ambulance, nemocnice Hranice a.","og_description":"[vc_row type=&#8220;full_width_background&#8220; bg_position=&#8220;left top&#8220; bg_repeat=&#8220;no-repeat&#8220; text_color=&#8220;dark&#8220; text_align=&#8220;left&#8220; top_padding=&#8220;100&#8243; bottom_padding=&#8220;80&#8243;][vc_column width=&#8220;1\/1&#8243;][\/vc_column][\/vc_row][vc_row type=&#8220;full_width_content&#8220; bg_position=&#8220;left top&#8220; bg_repeat=&#8220;no-repeat&#8220; text_color=&#8220;dark&#8220; text_align=&#8220;left&#8220; top_padding=&#8220;0&#8243; bottom_padding=&#8220;0&#8243;][vc_column width=&#8220;1\/1&#8243;][\/vc_column][\/vc_row]","og_url":"http:\/\/psychiatrie-talova.cz\/index.php\/portfolio-fullwidth-style-three\/","og_site_name":"Psychiatrick\u00e1 ambulance, nemocnice Hranice a.","twitter_card":"summary_large_image","schema":{"@context":"https:\/\/schema.org","@graph":[{"@type":"WebPage","@id":"http:\/\/psychiatrie-talova.cz\/index.php\/portfolio-fullwidth-style-three\/","url":"http:\/\/psychiatrie-talova.cz\/index.php\/portfolio-fullwidth-style-three\/","name":"Portfolio Fullwidth Style Three + Lightbox Only - Psychiatrick\u00e1 ambulance, nemocnice Hranice a.","isPartOf":{"@id":"https:\/\/psychiatrie-talova.cz\/#website"},"datePublished":"2014-03-30T07:11:54+00:00","breadcrumb":{"@id":"http:\/\/psychiatrie-talova.cz\/index.php\/portfolio-fullwidth-style-three\/#breadcrumb"},"inLanguage":"cs","potentialAction":[{"@type":"ReadAction","target":["http:\/\/psychiatrie-talova.cz\/index.php\/portfolio-fullwidth-style-three\/"]}]},{"@type":"BreadcrumbList","@id":"http:\/\/psychiatrie-talova.cz\/index.php\/portfolio-fullwidth-style-three\/#breadcrumb","itemListElement":[{"@type":"ListItem","position":1,"name":"Dom\u016f","item":"https:\/\/psychiatrie-talova.cz\/"},{"@type":"ListItem","position":2,"name":"Portfolio Fullwidth Style Three + Lightbox Only"}]},{"@type":"WebSite","@id":"https:\/\/psychiatrie-talova.cz\/#website","url":"https:\/\/psychiatrie-talova.cz\/","name":"Psychiatrick\u00e1 ambulance, nemocnice Hranice a.","description":"Dal\u0161\u00ed web pou\u017e\u00edvaj\u00edc\u00ed WordPress","potentialAction":[{"@type":"SearchAction","target":{"@type":"EntryPoint","urlTemplate":"https:\/\/psychiatrie-talova.cz\/?s={search_term_string}"},"query-input":{"@type":"PropertyValueSpecification","valueRequired":true,"valueName":"search_term_string"}}],"inLanguage":"cs"}]}},"_links":{"self":[{"href":"http:\/\/psychiatrie-talova.cz\/index.php\/wp-json\/wp\/v2\/pages\/1880","targetHints":{"allow":["GET"]}}],"collection":[{"href":"http:\/\/psychiatrie-talova.cz\/index.php\/wp-json\/wp\/v2\/pages"}],"about":[{"href":"http:\/\/psychiatrie-talova.cz\/index.php\/wp-json\/wp\/v2\/types\/page"}],"author":[{"embeddable":true,"href":"http:\/\/psychiatrie-talova.cz\/index.php\/wp-json\/wp\/v2\/users\/1"}],"replies":[{"embeddable":true,"href":"http:\/\/psychiatrie-talova.cz\/index.php\/wp-json\/wp\/v2\/comments?post=1880"}],"version-history":[{"count":0,"href":"http:\/\/psychiatrie-talova.cz\/index.php\/wp-json\/wp\/v2\/pages\/1880\/revisions"}],"wp:attachment":[{"href":"http:\/\/psychiatrie-talova.cz\/index.php\/wp-json\/wp\/v2\/media?parent=1880"}],"curies":[{"name":"wp","href":"https:\/\/api.w.org\/{rel}","templated":true}]}}