{"id":482,"date":"2013-04-13T06:24:03","date_gmt":"2013-04-13T06:24:03","guid":{"rendered":"http:\/\/themenectar.com\/demo\/salient\/?page_id=482"},"modified":"2013-04-13T06:24:03","modified_gmt":"2013-04-13T06:24:03","slug":"pricing-tables","status":"publish","type":"page","link":"http:\/\/psychiatrie-talova.cz\/index.php\/features\/pricing-tables\/","title":{"rendered":"Pricing Tables"},"content":{"rendered":"[vc_row type=&#8220;in_container&#8220; bg_position=&#8220;left top&#8220; bg_repeat=&#8220;no-repeat&#8220; text_color=&#8220;dark&#8220; text_align=&#8220;left&#8220; top_padding=&#8220;40&#8243;][vc_column width=&#8220;1\/1&#8243;][pricing_table columns=&#8220;4&#8243;][pricing_column title=&#8220;Basic&#8220; price=&#8220;99&#8243; currency_symbol=&#8220;$&#8220; interval=&#8220;Per Month&#8220; id=&#8220;1389950167991-0&#8243; color=&#8220;Accent-Color&#8220;]\n<ul class=\"features\">\n<li>This is included<\/li>\n<li>You even get this<\/li>\n<li>Yes, this too!<\/li>\n<\/ul>\n<a class=\"nectar-button n-sc-button large accent-color regular-button\"  href=\"#\" data-color-override=\"false\" data-hover-color-override=\"false\" data-hover-text-color-override=\"#fff\"><span>Sign up now!<\/span><\/a>[\/pricing_column][pricing_column title=&#8220;Standard&#8220; highlight=&#8220;true&#8220; highlight_reason=&#8220;Most Popular&#8220; price=&#8220;199&#8243; currency_symbol=&#8220;$&#8220; interval=&#8220;Per Month&#8220; id=&#8220;1389950168041-9&#8243; color=&#8220;Accent-Color&#8220;]\n<ul class=\"features\">\n<li>This is included<\/li>\n<li>And this too<\/li>\n<li>Maybe even this<\/li>\n<li>Nevermind, it&#8217;s not<\/li>\n<\/ul>\n<a class=\"nectar-button n-sc-button large accent-color regular-button\"  href=\"#\" data-color-override=\"false\" data-hover-color-override=\"false\" data-hover-text-color-override=\"#fff\"><span>Sign up now!<\/span><\/a>[\/pricing_column][pricing_column title=&#8220;Advanced&#8220; price=&#8220;299&#8243; currency_symbol=&#8220;$&#8220; interval=&#8220;Per Month&#8220; id=&#8220;1389950168076-2&#8243; color=&#8220;Accent-Color&#8220;]\n<ul class=\"features\">\n<li>This is included<\/li>\n<li>Even this too<\/li>\n<li>Also included<\/li>\n<li>You even get this<\/li>\n<li>And a little of this<\/li>\n<\/ul>\n<a class=\"nectar-button n-sc-button large accent-color regular-button\"  href=\"#\" data-color-override=\"false\" data-hover-color-override=\"false\" data-hover-text-color-override=\"#fff\"><span>Sign up now!<\/span><\/a>[\/pricing_column][pricing_column title=&#8220;Premium&#8220; price=&#8220;399&#8243; currency_symbol=&#8220;$&#8220; interval=&#8220;Per Month&#8220; id=&#8220;1389950168111-3&#8243; color=&#8220;Accent-Color&#8220;]\n<ul class=\"features\">\n<li>This is included<\/li>\n<li>Even unlimited this<\/li>\n<li>You also get this!<\/li>\n<li>Add even some of this<\/li>\n<li>Only if you want it<\/li>\n<\/ul>\n<a class=\"nectar-button n-sc-button large accent-color regular-button\"  href=\"http:\/\/themenectar.com\" data-color-override=\"false\" data-hover-color-override=\"false\" data-hover-text-color-override=\"#fff\"><span>Sign up now!<\/span><\/a>[\/pricing_column][\/pricing_table][\/vc_column][\/vc_row][vc_row type=&#8220;in_container&#8220; bg_position=&#8220;left top&#8220; bg_repeat=&#8220;no-repeat&#8220; text_color=&#8220;dark&#8220; text_align=&#8220;left&#8220; top_padding=&#8220;20&#8243;][vc_column width=&#8220;1\/1&#8243;][heading subtitle=&#8220;Lorem ipsum dolor sit amet, consectetur adipiscing&#8220;] More Pricing Table Examples! [\/heading][\/vc_column][\/vc_row][vc_row][vc_column width=&#8220;1\/1&#8243;][pricing_table columns=&#8220;5&#8243;][pricing_column title=&#8220;Free&#8220; price=&#8220;0&#8243; currency_symbol=&#8220;$&#8220; id=&#8220;1389950168281-10&#8243;]\n<ul class=\"features\">\n<li>This is included<\/li>\n<li>But that&#8217;s it<\/li>\n<\/ul>\n<a class=\"nectar-button n-sc-button medium accent-color regular-button\"  href=\"#\" data-color-override=\"false\" data-hover-color-override=\"false\" data-hover-text-color-override=\"#fff\"><span>Sign up now!<\/span><\/a>[\/pricing_column][pricing_column title=&#8220;Light&#8220; price=&#8220;5&#8243; currency_symbol=&#8220;$&#8220; interval=&#8220;Per Week&#8220; id=&#8220;1389950168324-5&#8243;]\n<ul class=\"features\">\n<li>This is included<\/li>\n<li>You even get this<\/li>\n<li>Even unlimited this<\/li>\n<\/ul>\n<a class=\"nectar-button n-sc-button medium accent-color regular-button\"  href=\"#\" data-color-override=\"false\" data-hover-color-override=\"false\" data-hover-text-color-override=\"#fff\"><span>Sign up now!<\/span><\/a>[\/pricing_column][pricing_column title=&#8220;Basic&#8220; price=&#8220;10&#8243; currency_symbol=&#8220;$&#8220; interval=&#8220;Per Week&#8220; id=&#8220;1389950168360-1&#8243;]\n<ul class=\"features\">\n<li>This is included<\/li>\n<li>And some of\u00a0 this<\/li>\n<li>Even unlimited this<\/li>\n<\/ul>\n<a class=\"nectar-button n-sc-button medium accent-color regular-button\"  href=\"#\" data-color-override=\"false\" data-hover-color-override=\"false\" data-hover-text-color-override=\"#fff\"><span>Sign up now!<\/span><\/a>[\/pricing_column][pricing_column title=&#8220;Super&#8220; highlight=&#8220;true&#8220; highlight_reason=&#8220;Recommended&#8220; price=&#8220;30&#8243; currency_symbol=&#8220;$&#8220; interval=&#8220;Per Month&#8220; id=&#8220;1389950168396-7&#8243;]\n<ul class=\"features\">\n<li>This is included<\/li>\n<li>And this too<\/li>\n<li>Maybe even this<\/li>\n<li><i class=\"icon-tiny icon-star-empty accent-color\"><\/i>Unlimited this<\/li>\n<\/ul>\n<a class=\"nectar-button n-sc-button medium accent-color regular-button\"  href=\"#\" data-color-override=\"false\" data-hover-color-override=\"false\" data-hover-text-color-override=\"#fff\"><span>Sign up now!<\/span><\/a>[\/pricing_column][pricing_column title=&#8220;Deluxe&#8220; price=&#8220;50&#8243; currency_symbol=&#8220;$&#8220; interval=&#8220;Per Month&#8220; id=&#8220;1389950168435-10&#8243;]\n<ul class=\"features\">\n<li>This is included<\/li>\n<li>You even get this<\/li>\n<li>And a lot of this!<\/li>\n<li><i class=\"icon-tiny icon-star-empty accent-color\"><\/i>Unlimited this<\/li>\n<\/ul>\n<a class=\"nectar-button n-sc-button medium accent-color regular-button\"  href=\"#\" data-color-override=\"false\" data-hover-color-override=\"false\" data-hover-text-color-override=\"#fff\"><span>Sign up now!<\/span><\/a>[\/pricing_column][\/pricing_table][\/vc_column][\/vc_row][vc_row type=&#8220;in_container&#8220; bg_position=&#8220;left top&#8220; bg_repeat=&#8220;no-repeat&#8220; text_color=&#8220;dark&#8220; text_align=&#8220;left&#8220; top_padding=&#8220;30&#8243;][vc_column width=&#8220;1\/2&#8243;][vc_column_text]\n<h2>Are these the only plans?<\/h2>\n<p>Lorem ipsum dolor sit amet, consectetur adipiscing elit. Donec porta, mi ut facilisis ullamcorper, magna risus vehicula augue, eget faucibus magna massa at justo. Nulla a arcu ut massa hendrerit varius id vitae augue. Sed quis augue ut eros tincidunt hendrerit eu eget nisl. Duis malesuada vehicula massa.[\/vc_column_text][\/vc_column][vc_column width=&#8220;1\/2&#8243;][vc_column_text]\n<h2>Are there any discounts?<\/h2>\n<p>Lorem ipsum dolor sit amet, consectetur adipiscing elit. Donec porta, mi ut facilisis ullamcorper, magna risus vehicula augue, eget faucibus magna massa at justo. Nulla a arcu ut massa hendrerit varius id vitae augue. Sed quis augue ut eros tincidunt hendrerit eu eget nisl. Duis malesuada vehicula massa.[\/vc_column_text][\/vc_column][\/vc_row][vc_row type=&#8220;in_container&#8220; bg_position=&#8220;left top&#8220; bg_repeat=&#8220;no-repeat&#8220; text_color=&#8220;dark&#8220; text_align=&#8220;left&#8220; bottom_padding=&#8220;40&#8243;][vc_column width=&#8220;1\/2&#8243;][vc_column_text]\n<h2>When will my account be activated?<\/h2>\n<p>Lorem ipsum dolor sit amet, consectetur adipiscing elit. Donec porta, mi ut facilisis ullamcorper, magna risus vehicula augue, eget faucibus magna massa at justo. Nulla a arcu ut massa hendrerit varius id vitae augue. Sed quis augue ut eros tincidunt hendrerit eu eget nisl. Duis malesuada vehicula massa.[\/vc_column_text][\/vc_column][vc_column width=&#8220;1\/2&#8243;][vc_column_text]\n<h2>Can I cancel at any time?<\/h2>\n<p>Lorem ipsum dolor sit amet, consectetur adipiscing elit. Donec porta, mi ut facilisis ullamcorper, magna risus vehicula augue, eget faucibus magna massa at justo. Nulla a arcu ut massa hendrerit varius id vitae augue. Sed quis augue ut eros tincidunt hendrerit eu eget nisl. Duis malesuada vehicula massa.[\/vc_column_text][\/vc_column][\/vc_row]\n","protected":false},"excerpt":{"rendered":"<p>[vc_row type=&#8220;in_container&#8220; bg_position=&#8220;left top&#8220; bg_repeat=&#8220;no-repeat&#8220; text_color=&#8220;dark&#8220; text_align=&#8220;left&#8220; top_padding=&#8220;40&#8243;][vc_column width=&#8220;1\/1&#8243;][pricing_table columns=&#8220;4&#8243;][pricing_column title=&#8220;Basic&#8220; price=&#8220;99&#8243; currency_symbol=&#8220;$&#8220; interval=&#8220;Per Month&#8220; id=&#8220;1389950167991-0&#8243; color=&#8220;Accent-Color&#8220;] This is included You even get this Yes, this too! [\/pricing_column][pricing_column title=&#8220;Standard&#8220; highlight=&#8220;true&#8220;&#8230;<\/p>\n","protected":false},"author":1,"featured_media":0,"parent":23,"menu_order":36,"comment_status":"open","ping_status":"open","template":"","meta":{"footnotes":""},"class_list":["post-482","page","type-page","status-publish"],"yoast_head":"<!-- This site is optimized with the Yoast SEO plugin v27.4 - https:\/\/yoast.com\/product\/yoast-seo-wordpress\/ -->\n<title>Pricing Tables - Psychiatrick\u00e1 ambulance, nemocnice Hranice a.<\/title>\n<meta name=\"robots\" content=\"index, follow, max-snippet:-1, max-image-preview:large, max-video-preview:-1\" \/>\n<link rel=\"canonical\" href=\"http:\/\/psychiatrie-talova.cz\/index.php\/features\/pricing-tables\/\" \/>\n<meta property=\"og:locale\" content=\"cs_CZ\" \/>\n<meta property=\"og:type\" content=\"article\" \/>\n<meta property=\"og:title\" content=\"Pricing Tables - Psychiatrick\u00e1 ambulance, nemocnice Hranice a.\" \/>\n<meta property=\"og:description\" content=\"[vc_row type=&#8220;in_container&#8220; bg_position=&#8220;left top&#8220; bg_repeat=&#8220;no-repeat&#8220; text_color=&#8220;dark&#8220; text_align=&#8220;left&#8220; top_padding=&#8220;40&#8243;][vc_column width=&#8220;1\/1&#8243;][pricing_table columns=&#8220;4&#8243;][pricing_column title=&#8220;Basic&#8220; price=&#8220;99&#8243; currency_symbol=&#8220;$&#8220; interval=&#8220;Per Month&#8220; id=&#8220;1389950167991-0&#8243; color=&#8220;Accent-Color&#8220;] This is included You even get this Yes, this too! [\/pricing_column][pricing_column title=&#8220;Standard&#8220; highlight=&#8220;true&#8220;...\" \/>\n<meta property=\"og:url\" content=\"http:\/\/psychiatrie-talova.cz\/index.php\/features\/pricing-tables\/\" \/>\n<meta property=\"og:site_name\" content=\"Psychiatrick\u00e1 ambulance, nemocnice Hranice a.\" \/>\n<meta name=\"twitter:card\" content=\"summary_large_image\" \/>\n<meta name=\"twitter:label1\" content=\"Odhadovan\u00e1 doba \u010dten\u00ed\" \/>\n\t<meta name=\"twitter:data1\" content=\"4 minuty\" \/>\n<script type=\"application\/ld+json\" class=\"yoast-schema-graph\">{\"@context\":\"https:\\\/\\\/schema.org\",\"@graph\":[{\"@type\":\"WebPage\",\"@id\":\"http:\\\/\\\/psychiatrie-talova.cz\\\/index.php\\\/features\\\/pricing-tables\\\/\",\"url\":\"http:\\\/\\\/psychiatrie-talova.cz\\\/index.php\\\/features\\\/pricing-tables\\\/\",\"name\":\"Pricing Tables - Psychiatrick\u00e1 ambulance, nemocnice Hranice a.\",\"isPartOf\":{\"@id\":\"https:\\\/\\\/psychiatrie-talova.cz\\\/#website\"},\"datePublished\":\"2013-04-13T06:24:03+00:00\",\"breadcrumb\":{\"@id\":\"http:\\\/\\\/psychiatrie-talova.cz\\\/index.php\\\/features\\\/pricing-tables\\\/#breadcrumb\"},\"inLanguage\":\"cs\",\"potentialAction\":[{\"@type\":\"ReadAction\",\"target\":[\"http:\\\/\\\/psychiatrie-talova.cz\\\/index.php\\\/features\\\/pricing-tables\\\/\"]}]},{\"@type\":\"BreadcrumbList\",\"@id\":\"http:\\\/\\\/psychiatrie-talova.cz\\\/index.php\\\/features\\\/pricing-tables\\\/#breadcrumb\",\"itemListElement\":[{\"@type\":\"ListItem\",\"position\":1,\"name\":\"Dom\u016f\",\"item\":\"https:\\\/\\\/psychiatrie-talova.cz\\\/\"},{\"@type\":\"ListItem\",\"position\":2,\"name\":\"Features\",\"item\":\"http:\\\/\\\/psychiatrie-talova.cz\\\/index.php\\\/features\\\/\"},{\"@type\":\"ListItem\",\"position\":3,\"name\":\"Pricing Tables\"}]},{\"@type\":\"WebSite\",\"@id\":\"https:\\\/\\\/psychiatrie-talova.cz\\\/#website\",\"url\":\"https:\\\/\\\/psychiatrie-talova.cz\\\/\",\"name\":\"Psychiatrick\u00e1 ambulance, nemocnice Hranice a.\",\"description\":\"Dal\u0161\u00ed web pou\u017e\u00edvaj\u00edc\u00ed WordPress\",\"potentialAction\":[{\"@type\":\"SearchAction\",\"target\":{\"@type\":\"EntryPoint\",\"urlTemplate\":\"https:\\\/\\\/psychiatrie-talova.cz\\\/?s={search_term_string}\"},\"query-input\":{\"@type\":\"PropertyValueSpecification\",\"valueRequired\":true,\"valueName\":\"search_term_string\"}}],\"inLanguage\":\"cs\"}]}<\/script>\n<!-- \/ Yoast SEO plugin. -->","yoast_head_json":{"title":"Pricing Tables - Psychiatrick\u00e1 ambulance, nemocnice Hranice a.","robots":{"index":"index","follow":"follow","max-snippet":"max-snippet:-1","max-image-preview":"max-image-preview:large","max-video-preview":"max-video-preview:-1"},"canonical":"http:\/\/psychiatrie-talova.cz\/index.php\/features\/pricing-tables\/","og_locale":"cs_CZ","og_type":"article","og_title":"Pricing Tables - Psychiatrick\u00e1 ambulance, nemocnice Hranice a.","og_description":"[vc_row type=&#8220;in_container&#8220; bg_position=&#8220;left top&#8220; bg_repeat=&#8220;no-repeat&#8220; text_color=&#8220;dark&#8220; text_align=&#8220;left&#8220; top_padding=&#8220;40&#8243;][vc_column width=&#8220;1\/1&#8243;][pricing_table columns=&#8220;4&#8243;][pricing_column title=&#8220;Basic&#8220; price=&#8220;99&#8243; currency_symbol=&#8220;$&#8220; interval=&#8220;Per Month&#8220; id=&#8220;1389950167991-0&#8243; color=&#8220;Accent-Color&#8220;] This is included You even get this Yes, this too! [\/pricing_column][pricing_column title=&#8220;Standard&#8220; highlight=&#8220;true&#8220;...","og_url":"http:\/\/psychiatrie-talova.cz\/index.php\/features\/pricing-tables\/","og_site_name":"Psychiatrick\u00e1 ambulance, nemocnice Hranice a.","twitter_card":"summary_large_image","twitter_misc":{"Odhadovan\u00e1 doba \u010dten\u00ed":"4 minuty"},"schema":{"@context":"https:\/\/schema.org","@graph":[{"@type":"WebPage","@id":"http:\/\/psychiatrie-talova.cz\/index.php\/features\/pricing-tables\/","url":"http:\/\/psychiatrie-talova.cz\/index.php\/features\/pricing-tables\/","name":"Pricing Tables - Psychiatrick\u00e1 ambulance, nemocnice Hranice a.","isPartOf":{"@id":"https:\/\/psychiatrie-talova.cz\/#website"},"datePublished":"2013-04-13T06:24:03+00:00","breadcrumb":{"@id":"http:\/\/psychiatrie-talova.cz\/index.php\/features\/pricing-tables\/#breadcrumb"},"inLanguage":"cs","potentialAction":[{"@type":"ReadAction","target":["http:\/\/psychiatrie-talova.cz\/index.php\/features\/pricing-tables\/"]}]},{"@type":"BreadcrumbList","@id":"http:\/\/psychiatrie-talova.cz\/index.php\/features\/pricing-tables\/#breadcrumb","itemListElement":[{"@type":"ListItem","position":1,"name":"Dom\u016f","item":"https:\/\/psychiatrie-talova.cz\/"},{"@type":"ListItem","position":2,"name":"Features","item":"http:\/\/psychiatrie-talova.cz\/index.php\/features\/"},{"@type":"ListItem","position":3,"name":"Pricing Tables"}]},{"@type":"WebSite","@id":"https:\/\/psychiatrie-talova.cz\/#website","url":"https:\/\/psychiatrie-talova.cz\/","name":"Psychiatrick\u00e1 ambulance, nemocnice Hranice a.","description":"Dal\u0161\u00ed web pou\u017e\u00edvaj\u00edc\u00ed WordPress","potentialAction":[{"@type":"SearchAction","target":{"@type":"EntryPoint","urlTemplate":"https:\/\/psychiatrie-talova.cz\/?s={search_term_string}"},"query-input":{"@type":"PropertyValueSpecification","valueRequired":true,"valueName":"search_term_string"}}],"inLanguage":"cs"}]}},"_links":{"self":[{"href":"http:\/\/psychiatrie-talova.cz\/index.php\/wp-json\/wp\/v2\/pages\/482","targetHints":{"allow":["GET"]}}],"collection":[{"href":"http:\/\/psychiatrie-talova.cz\/index.php\/wp-json\/wp\/v2\/pages"}],"about":[{"href":"http:\/\/psychiatrie-talova.cz\/index.php\/wp-json\/wp\/v2\/types\/page"}],"author":[{"embeddable":true,"href":"http:\/\/psychiatrie-talova.cz\/index.php\/wp-json\/wp\/v2\/users\/1"}],"replies":[{"embeddable":true,"href":"http:\/\/psychiatrie-talova.cz\/index.php\/wp-json\/wp\/v2\/comments?post=482"}],"version-history":[{"count":0,"href":"http:\/\/psychiatrie-talova.cz\/index.php\/wp-json\/wp\/v2\/pages\/482\/revisions"}],"up":[{"embeddable":true,"href":"http:\/\/psychiatrie-talova.cz\/index.php\/wp-json\/wp\/v2\/pages\/23"}],"wp:attachment":[{"href":"http:\/\/psychiatrie-talova.cz\/index.php\/wp-json\/wp\/v2\/media?parent=482"}],"curies":[{"name":"wp","href":"https:\/\/api.w.org\/{rel}","templated":true}]}}