{"id":568,"date":"2013-07-24T05:09:12","date_gmt":"2013-07-24T05:09:12","guid":{"rendered":"http:\/\/localhost\/wordpress-3-5\/?page_id=568"},"modified":"2013-07-24T05:09:12","modified_gmt":"2013-07-24T05:09:12","slug":"headers","status":"publish","type":"page","link":"http:\/\/psychiatrie-talova.cz\/index.php\/headers\/","title":{"rendered":"Headers"},"content":{"rendered":"[full_width_section bg_pos=&#8220;Left Top&#8220; bg_repeat=&#8220;No-Repeat&#8220; text_color=&#8220;dark&#8220; top_padding=&#8220;70&#8243; bottom_padding=&#8220;0&#8243; background_color=&#8220;f4f4f4&#8243; type=&#8220;full_width_background&#8220; text_align=&#8220;center&#8220;][vc_column width=&#8220;1\/1&#8243; animation=&#8220;none&#8220; centered_text=&#8220;true&#8220; column_padding=&#8220;no-extra-padding&#8220; background_color_opacity=&#8220;1&#8243;][vc_column_text]\n<p><img decoding=\"async\" alt=\"header options panel\" src=\"http:\/\/themenectar.com\/demo\/salient\/wp-content\/uploads\/2013\/07\/header-options.png\" \/>[\/vc_column_text][\/vc_column][\/full_width_section][full_width_section parallax_bg=&#8220;true&#8220; bg_pos=&#8220;Center Center&#8220; bg_repeat=&#8220;No-Repeat&#8220; text_color=&#8220;light&#8220; top_padding=&#8220;65&#8243; bottom_padding=&#8220;65&#8243; type=&#8220;full_width_background&#8220; text_align=&#8220;left&#8220; image_url=&#8220;1995&#8243; background_color=&#8220;#070707&#8243;][vc_column width=&#8220;1\/1&#8243; animation=&#8220;none&#8220; centered_text=&#8220;true&#8220; column_padding=&#8220;no-extra-padding&#8220; background_color_opacity=&#8220;1&#8243;][vc_column_text]\n<h2 style=\"text-align: center;\">Check Out Some Of The Possible Combinations<\/h2>\n<p style=\"text-align: center;\">Every site should have its own unique design to it. Salient gives you the power you need to truly create something different!<\/p>\n[\/vc_column_text][divider line_type=&#8220;No Line&#8220; custom_height=&#8220;30&#8243;][image_with_animation animation=&#8220;Fade In&#8220; image_url=&#8220;http:\/\/themenectar.com\/demo\/salient\/wp-content\/uploads\/2013\/07\/1.png&#8220;] [\/image_with_animation][divider line_type=&#8220;No Line&#8220;][image_with_animation animation=&#8220;Fade In&#8220; image_url=&#8220;http:\/\/themenectar.com\/demo\/salient\/wp-content\/uploads\/2013\/07\/2.png&#8220;] [\/image_with_animation][divider line_type=&#8220;No Line&#8220;][image_with_animation animation=&#8220;Fade In&#8220; image_url=&#8220;http:\/\/themenectar.com\/demo\/salient\/wp-content\/uploads\/2013\/07\/3.png&#8220;] [\/image_with_animation][divider line_type=&#8220;No Line&#8220;][image_with_animation animation=&#8220;Fade In&#8220; image_url=&#8220;http:\/\/themenectar.com\/demo\/salient\/wp-content\/uploads\/2013\/07\/4.png&#8220;] [\/image_with_animation][divider line_type=&#8220;No Line&#8220;][image_with_animation animation=&#8220;Fade In&#8220; image_url=&#8220;http:\/\/themenectar.com\/demo\/salient\/wp-content\/uploads\/2013\/07\/5.png&#8220;] [\/image_with_animation][\/vc_column][\/full_width_section][full_width_section bg_pos=&#8220;Left Top&#8220; bg_repeat=&#8220;No-Repeat&#8220; text_color=&#8220;Dark&#8220; top_padding=&#8220;70&#8243; bottom_padding=&#8220;40&#8243; background_color=&#8220;f4f4f4&#8243;][vc_column width=&#8220;1\/1&#8243; animation=&#8220;none&#8220; centered_text=&#8220;true&#8220; column_padding=&#8220;no-extra-padding&#8220; background_color_opacity=&#8220;1&#8243;][vc_column_text]\n<h2 style=\"text-align: center;\">Introducing The AJAX Shopping Cart<\/h2>\n<p style=\"text-align: center;\">Another cool feature that Salient offers is the AJAX shopping cart. When enabled, users will have immediate feedback after adding items to their cart in<br \/>\nyour WooCommerce shop. They will also have access to view the contents of their cart without ever leaving or refreshing the page.<\/p>\n<p><img decoding=\"async\" alt=\"header options panel\" src=\"http:\/\/themenectar.com\/demo\/salient\/wp-content\/uploads\/2013\/07\/wooCommerce-ajax-cart1.png\" \/>[\/vc_column_text][\/vc_column][\/full_width_section]\n","protected":false},"excerpt":{"rendered":"<p>[full_width_section bg_pos=&#8220;Left Top&#8220; bg_repeat=&#8220;No-Repeat&#8220; text_color=&#8220;dark&#8220; top_padding=&#8220;70&#8243; bottom_padding=&#8220;0&#8243; background_color=&#8220;f4f4f4&#8243; type=&#8220;full_width_background&#8220; text_align=&#8220;center&#8220;][vc_column width=&#8220;1\/1&#8243; animation=&#8220;none&#8220; centered_text=&#8220;true&#8220; column_padding=&#8220;no-extra-padding&#8220; background_color_opacity=&#8220;1&#8243;][vc_column_text] [\/vc_column_text][\/vc_column][\/full_width_section][full_width_section parallax_bg=&#8220;true&#8220; bg_pos=&#8220;Center Center&#8220; bg_repeat=&#8220;No-Repeat&#8220; text_color=&#8220;light&#8220; top_padding=&#8220;65&#8243; bottom_padding=&#8220;65&#8243; type=&#8220;full_width_background&#8220; text_align=&#8220;left&#8220; image_url=&#8220;1995&#8243; background_color=&#8220;#070707&#8243;][vc_column width=&#8220;1\/1&#8243; animation=&#8220;none&#8220; centered_text=&#8220;true&#8220;&#8230;<\/p>\n","protected":false},"author":1,"featured_media":0,"parent":0,"menu_order":34,"comment_status":"open","ping_status":"open","template":"","meta":{"footnotes":""},"class_list":["post-568","page","type-page","status-publish"],"yoast_head":"<!-- This site is optimized with the Yoast SEO plugin v27.4 - https:\/\/yoast.com\/product\/yoast-seo-wordpress\/ -->\n<title>Headers - Psychiatrick\u00e1 ambulance, nemocnice Hranice a.<\/title>\n<meta name=\"robots\" content=\"index, follow, max-snippet:-1, max-image-preview:large, max-video-preview:-1\" \/>\n<link rel=\"canonical\" href=\"https:\/\/psychiatrie-talova.cz\/index.php\/headers\/\" \/>\n<meta property=\"og:locale\" content=\"cs_CZ\" \/>\n<meta property=\"og:type\" content=\"article\" \/>\n<meta property=\"og:title\" content=\"Headers - Psychiatrick\u00e1 ambulance, nemocnice Hranice a.\" \/>\n<meta property=\"og:description\" content=\"[full_width_section bg_pos=&#8220;Left Top&#8220; bg_repeat=&#8220;No-Repeat&#8220; text_color=&#8220;dark&#8220; top_padding=&#8220;70&#8243; bottom_padding=&#8220;0&#8243; background_color=&#8220;f4f4f4&#8243; type=&#8220;full_width_background&#8220; text_align=&#8220;center&#8220;][vc_column width=&#8220;1\/1&#8243; animation=&#8220;none&#8220; centered_text=&#8220;true&#8220; column_padding=&#8220;no-extra-padding&#8220; background_color_opacity=&#8220;1&#8243;][vc_column_text] [\/vc_column_text][\/vc_column][\/full_width_section][full_width_section parallax_bg=&#8220;true&#8220; bg_pos=&#8220;Center Center&#8220; bg_repeat=&#8220;No-Repeat&#8220; text_color=&#8220;light&#8220; top_padding=&#8220;65&#8243; bottom_padding=&#8220;65&#8243; type=&#8220;full_width_background&#8220; text_align=&#8220;left&#8220; image_url=&#8220;1995&#8243; background_color=&#8220;#070707&#8243;][vc_column width=&#8220;1\/1&#8243; animation=&#8220;none&#8220; centered_text=&#8220;true&#8220;...\" \/>\n<meta property=\"og:url\" content=\"https:\/\/psychiatrie-talova.cz\/index.php\/headers\/\" \/>\n<meta property=\"og:site_name\" content=\"Psychiatrick\u00e1 ambulance, nemocnice Hranice a.\" \/>\n<meta property=\"og:image\" content=\"http:\/\/themenectar.com\/demo\/salient\/wp-content\/uploads\/2013\/07\/header-options.png\" \/>\n<meta name=\"twitter:card\" content=\"summary_large_image\" \/>\n<meta name=\"twitter:label1\" content=\"Odhadovan\u00e1 doba \u010dten\u00ed\" \/>\n\t<meta name=\"twitter:data1\" content=\"2 minuty\" \/>\n<script type=\"application\/ld+json\" class=\"yoast-schema-graph\">{\"@context\":\"https:\\\/\\\/schema.org\",\"@graph\":[{\"@type\":\"WebPage\",\"@id\":\"https:\\\/\\\/psychiatrie-talova.cz\\\/index.php\\\/headers\\\/\",\"url\":\"https:\\\/\\\/psychiatrie-talova.cz\\\/index.php\\\/headers\\\/\",\"name\":\"Headers - Psychiatrick\u00e1 ambulance, nemocnice Hranice a.\",\"isPartOf\":{\"@id\":\"https:\\\/\\\/psychiatrie-talova.cz\\\/#website\"},\"primaryImageOfPage\":{\"@id\":\"https:\\\/\\\/psychiatrie-talova.cz\\\/index.php\\\/headers\\\/#primaryimage\"},\"image\":{\"@id\":\"https:\\\/\\\/psychiatrie-talova.cz\\\/index.php\\\/headers\\\/#primaryimage\"},\"thumbnailUrl\":\"http:\\\/\\\/themenectar.com\\\/demo\\\/salient\\\/wp-content\\\/uploads\\\/2013\\\/07\\\/header-options.png\",\"datePublished\":\"2013-07-24T05:09:12+00:00\",\"breadcrumb\":{\"@id\":\"https:\\\/\\\/psychiatrie-talova.cz\\\/index.php\\\/headers\\\/#breadcrumb\"},\"inLanguage\":\"cs\",\"potentialAction\":[{\"@type\":\"ReadAction\",\"target\":[\"https:\\\/\\\/psychiatrie-talova.cz\\\/index.php\\\/headers\\\/\"]}]},{\"@type\":\"ImageObject\",\"inLanguage\":\"cs\",\"@id\":\"https:\\\/\\\/psychiatrie-talova.cz\\\/index.php\\\/headers\\\/#primaryimage\",\"url\":\"http:\\\/\\\/themenectar.com\\\/demo\\\/salient\\\/wp-content\\\/uploads\\\/2013\\\/07\\\/header-options.png\",\"contentUrl\":\"http:\\\/\\\/themenectar.com\\\/demo\\\/salient\\\/wp-content\\\/uploads\\\/2013\\\/07\\\/header-options.png\"},{\"@type\":\"BreadcrumbList\",\"@id\":\"https:\\\/\\\/psychiatrie-talova.cz\\\/index.php\\\/headers\\\/#breadcrumb\",\"itemListElement\":[{\"@type\":\"ListItem\",\"position\":1,\"name\":\"Dom\u016f\",\"item\":\"https:\\\/\\\/psychiatrie-talova.cz\\\/\"},{\"@type\":\"ListItem\",\"position\":2,\"name\":\"Headers\"}]},{\"@type\":\"WebSite\",\"@id\":\"https:\\\/\\\/psychiatrie-talova.cz\\\/#website\",\"url\":\"https:\\\/\\\/psychiatrie-talova.cz\\\/\",\"name\":\"Psychiatrick\u00e1 ambulance, nemocnice Hranice a.\",\"description\":\"Dal\u0161\u00ed web pou\u017e\u00edvaj\u00edc\u00ed WordPress\",\"potentialAction\":[{\"@type\":\"SearchAction\",\"target\":{\"@type\":\"EntryPoint\",\"urlTemplate\":\"https:\\\/\\\/psychiatrie-talova.cz\\\/?s={search_term_string}\"},\"query-input\":{\"@type\":\"PropertyValueSpecification\",\"valueRequired\":true,\"valueName\":\"search_term_string\"}}],\"inLanguage\":\"cs\"}]}<\/script>\n<!-- \/ Yoast SEO plugin. -->","yoast_head_json":{"title":"Headers - Psychiatrick\u00e1 ambulance, nemocnice Hranice a.","robots":{"index":"index","follow":"follow","max-snippet":"max-snippet:-1","max-image-preview":"max-image-preview:large","max-video-preview":"max-video-preview:-1"},"canonical":"https:\/\/psychiatrie-talova.cz\/index.php\/headers\/","og_locale":"cs_CZ","og_type":"article","og_title":"Headers - Psychiatrick\u00e1 ambulance, nemocnice Hranice a.","og_description":"[full_width_section bg_pos=&#8220;Left Top&#8220; bg_repeat=&#8220;No-Repeat&#8220; text_color=&#8220;dark&#8220; top_padding=&#8220;70&#8243; bottom_padding=&#8220;0&#8243; background_color=&#8220;f4f4f4&#8243; type=&#8220;full_width_background&#8220; text_align=&#8220;center&#8220;][vc_column width=&#8220;1\/1&#8243; animation=&#8220;none&#8220; centered_text=&#8220;true&#8220; column_padding=&#8220;no-extra-padding&#8220; background_color_opacity=&#8220;1&#8243;][vc_column_text] [\/vc_column_text][\/vc_column][\/full_width_section][full_width_section parallax_bg=&#8220;true&#8220; bg_pos=&#8220;Center Center&#8220; bg_repeat=&#8220;No-Repeat&#8220; text_color=&#8220;light&#8220; top_padding=&#8220;65&#8243; bottom_padding=&#8220;65&#8243; type=&#8220;full_width_background&#8220; text_align=&#8220;left&#8220; image_url=&#8220;1995&#8243; background_color=&#8220;#070707&#8243;][vc_column width=&#8220;1\/1&#8243; animation=&#8220;none&#8220; centered_text=&#8220;true&#8220;...","og_url":"https:\/\/psychiatrie-talova.cz\/index.php\/headers\/","og_site_name":"Psychiatrick\u00e1 ambulance, nemocnice Hranice a.","og_image":[{"url":"http:\/\/themenectar.com\/demo\/salient\/wp-content\/uploads\/2013\/07\/header-options.png","type":"","width":"","height":""}],"twitter_card":"summary_large_image","twitter_misc":{"Odhadovan\u00e1 doba \u010dten\u00ed":"2 minuty"},"schema":{"@context":"https:\/\/schema.org","@graph":[{"@type":"WebPage","@id":"https:\/\/psychiatrie-talova.cz\/index.php\/headers\/","url":"https:\/\/psychiatrie-talova.cz\/index.php\/headers\/","name":"Headers - Psychiatrick\u00e1 ambulance, nemocnice Hranice a.","isPartOf":{"@id":"https:\/\/psychiatrie-talova.cz\/#website"},"primaryImageOfPage":{"@id":"https:\/\/psychiatrie-talova.cz\/index.php\/headers\/#primaryimage"},"image":{"@id":"https:\/\/psychiatrie-talova.cz\/index.php\/headers\/#primaryimage"},"thumbnailUrl":"http:\/\/themenectar.com\/demo\/salient\/wp-content\/uploads\/2013\/07\/header-options.png","datePublished":"2013-07-24T05:09:12+00:00","breadcrumb":{"@id":"https:\/\/psychiatrie-talova.cz\/index.php\/headers\/#breadcrumb"},"inLanguage":"cs","potentialAction":[{"@type":"ReadAction","target":["https:\/\/psychiatrie-talova.cz\/index.php\/headers\/"]}]},{"@type":"ImageObject","inLanguage":"cs","@id":"https:\/\/psychiatrie-talova.cz\/index.php\/headers\/#primaryimage","url":"http:\/\/themenectar.com\/demo\/salient\/wp-content\/uploads\/2013\/07\/header-options.png","contentUrl":"http:\/\/themenectar.com\/demo\/salient\/wp-content\/uploads\/2013\/07\/header-options.png"},{"@type":"BreadcrumbList","@id":"https:\/\/psychiatrie-talova.cz\/index.php\/headers\/#breadcrumb","itemListElement":[{"@type":"ListItem","position":1,"name":"Dom\u016f","item":"https:\/\/psychiatrie-talova.cz\/"},{"@type":"ListItem","position":2,"name":"Headers"}]},{"@type":"WebSite","@id":"https:\/\/psychiatrie-talova.cz\/#website","url":"https:\/\/psychiatrie-talova.cz\/","name":"Psychiatrick\u00e1 ambulance, nemocnice Hranice a.","description":"Dal\u0161\u00ed web pou\u017e\u00edvaj\u00edc\u00ed WordPress","potentialAction":[{"@type":"SearchAction","target":{"@type":"EntryPoint","urlTemplate":"https:\/\/psychiatrie-talova.cz\/?s={search_term_string}"},"query-input":{"@type":"PropertyValueSpecification","valueRequired":true,"valueName":"search_term_string"}}],"inLanguage":"cs"}]}},"_links":{"self":[{"href":"http:\/\/psychiatrie-talova.cz\/index.php\/wp-json\/wp\/v2\/pages\/568","targetHints":{"allow":["GET"]}}],"collection":[{"href":"http:\/\/psychiatrie-talova.cz\/index.php\/wp-json\/wp\/v2\/pages"}],"about":[{"href":"http:\/\/psychiatrie-talova.cz\/index.php\/wp-json\/wp\/v2\/types\/page"}],"author":[{"embeddable":true,"href":"http:\/\/psychiatrie-talova.cz\/index.php\/wp-json\/wp\/v2\/users\/1"}],"replies":[{"embeddable":true,"href":"http:\/\/psychiatrie-talova.cz\/index.php\/wp-json\/wp\/v2\/comments?post=568"}],"version-history":[{"count":0,"href":"http:\/\/psychiatrie-talova.cz\/index.php\/wp-json\/wp\/v2\/pages\/568\/revisions"}],"wp:attachment":[{"href":"http:\/\/psychiatrie-talova.cz\/index.php\/wp-json\/wp\/v2\/media?parent=568"}],"curies":[{"name":"wp","href":"https:\/\/api.w.org\/{rel}","templated":true}]}}