{"id":648,"date":"2013-03-23T13:05:14","date_gmt":"2013-03-23T13:05:14","guid":{"rendered":"http:\/\/themenectar.com\/demo\/salient\/?page_id=18"},"modified":"2013-03-23T13:05:14","modified_gmt":"2013-03-23T13:05:14","slug":"about-me-example","status":"publish","type":"page","link":"http:\/\/psychiatrie-talova.cz\/index.php\/about\/about-me-example\/","title":{"rendered":"About Me Creative"},"content":{"rendered":"[vc_row type=&#8220;full_width_content&#8220; bg_position=&#8220;left top&#8220; bg_repeat=&#8220;no-repeat&#8220; text_color=&#8220;light&#8220; text_align=&#8220;left&#8220; top_padding=&#8220;0&#8243; bottom_padding=&#8220;0&#8243; vertically_center_columns=&#8220;true&#8220;][vc_column width=&#8220;1\/2&#8243; animation=&#8220;none&#8220; column_padding=&#8220;padding-4-percent&#8220; background_color=&#8220;#222222&#8243; background_color_opacity=&#8220;1&#8243;][vc_row_inner][vc_column_inner width=&#8220;1\/4&#8243; animation=&#8220;none&#8220; column_padding=&#8220;padding-2-percent&#8220;][vc_pie value=&#8220;100&#8243; color=&#8220;#20cfef&#8220; title=&#8220;HTML\/CSS&#8220;][\/vc_column_inner][vc_column_inner width=&#8220;1\/4&#8243; animation=&#8220;none&#8220; column_padding=&#8220;padding-2-percent&#8220;][vc_pie value=&#8220;84&#8243; color=&#8220;#20cfef&#8220; title=&#8220;Illustrator&#8220;][\/vc_column_inner][vc_column_inner width=&#8220;1\/4&#8243; animation=&#8220;none&#8220; column_padding=&#8220;padding-2-percent&#8220;][vc_pie value=&#8220;95&#8243; color=&#8220;#20cfef&#8220; title=&#8220;Photoshop&#8220;][\/vc_column_inner][vc_column_inner width=&#8220;1\/4&#8243; animation=&#8220;none&#8220; column_padding=&#8220;padding-2-percent&#8220;][vc_pie value=&#8220;75&#8243; color=&#8220;#20cfef&#8220; title=&#8220;Javascript&#8220;][\/vc_column_inner][\/vc_row_inner][\/vc_column][vc_column width=&#8220;1\/2&#8243; animation=&#8220;none&#8220; column_padding=&#8220;padding-4-percent&#8220; background_color=&#8220;#20cfef&#8220; background_color_opacity=&#8220;1&#8243;][vc_row_inner][vc_column_inner width=&#8220;1\/1&#8243; animation=&#8220;none&#8220; column_padding=&#8220;no-extra-padding&#8220;][vc_column_text]\n<h3>A little bit about me<\/h3>\n<p>Lorem ipsum dolor sit amet, consectetur adipiscing elit. Integer lorem quam, adipiscing condimentum tristique vel, eleifend sed turpis. Pellentesque cursus arcu id magna euismod in elementum purus molestie. Curabitur pellentesque massa eu nulla consequat sed porttitor arcu porttitor. Lorem ipsum dolor sit amet, consectetur adipiscing elit. Integer lorem quam, adipiscing condimentum tristique vel, eleifend sed turpis.<\/p>\n<p>Lorem ipsum dolor sit amet, consectetur adipiscing elit. Integer lorem quam, adipiscing condimentum tristique vel, eleifend sed turpis. Lorem ipsum dolor sit amet, consectetur adipiscing elit. Integer lorem quam, adipiscing condimentum tristique vel, eleifend sed turpis.[\/vc_column_text][\/vc_column_inner][\/vc_row_inner][\/vc_column][\/vc_row][vc_row type=&#8220;full_width_content&#8220; bg_position=&#8220;left top&#8220; bg_repeat=&#8220;no-repeat&#8220; text_color=&#8220;dark&#8220; text_align=&#8220;left&#8220; top_padding=&#8220;0&#8243; bottom_padding=&#8220;0&#8243; vertically_center_columns=&#8220;true&#8220;][vc_column width=&#8220;1\/2&#8243; animation=&#8220;none&#8220; column_padding=&#8220;padding-4-percent&#8220; background_color=&#8220;#ffffff&#8220; background_color_opacity=&#8220;1&#8243;][vc_row_inner][vc_column_inner width=&#8220;1\/1&#8243; enable_animation=&#8220;true&#8220; animation=&#8220;flip-in&#8220; column_padding=&#8220;no-extra-padding&#8220;][vc_column_text]\n<h3>Why I love what I do<\/h3>\n<p>Lorem ipsum dolor sit amet, consectetur adipiscing elit. Integer lorem quam, adipiscing condimentum tristique vel, eleifend sed turpis. Lorem ipsum dolor sit amet, consectetur adipiscing elit. Integer lorem quam, adipiscing condimentum tristique vel, eleifend sed turpis. Lorem ipsum dolor sit amet.<\/p>\n<p>Lorem ipsum dolor sit amet, consectetur adipiscing elit. Integer lorem quam, adipiscing condimentum tristique vel, eleifend sed turpis.Lorem ipsum dolor sit amet, consectetur adipiscing elit.<\/p>\n<a class=\"nectar-button n-sc-button large accent-color has-icon regular-button\" target=\"_blank\" href=\"http:\/\/facebook.com\" data-color-override=\"#20CFEF\" data-hover-color-override=\"false\" data-hover-text-color-override=\"#fff\"><span>Facebook<\/span><i class=\"icon-facebook\"><\/i><\/a>\u00a0 <a class=\"nectar-button n-sc-button large accent-color has-icon regular-button\" target=\"_blank\" href=\"http:\/\/twiter.com\" data-color-override=\"#20CFEF\" data-hover-color-override=\"false\" data-hover-text-color-override=\"#fff\"><span>Twitter<\/span><i class=\"icon-twitter\"><\/i><\/a>\u00a0 <a class=\"nectar-button n-sc-button large accent-color has-icon regular-button\" target=\"_blank\" href=\"https:\/\/plus.google.com\/\" data-color-override=\"#20CFEF\" data-hover-color-override=\"false\" data-hover-text-color-override=\"#fff\"><span>Google+<\/span><i class=\"icon-google-plus\"><\/i><\/a>[\/vc_column_text][\/vc_column_inner][\/vc_row_inner][\/vc_column][vc_column width=&#8220;1\/2&#8243; animation=&#8220;none&#8220; column_padding=&#8220;no-extra-padding&#8220; background_color=&#8220;#222222&#8243; background_color_opacity=&#8220;1&#8243;]<div  data-transition=\"swipe\" data-overall_style=\"classic\" data-flexible-height=\"\" data-animate-in-effect=\"none\" data-fullscreen=\"false\" data-button-sizing=\"regular\" data-button-styling=\"btn_with_count\" data-autorotate=\"5000\" data-parallax=\"false\" data-parallax-disable-mobile=\"\" data-caption-trans=\"fade_in_from_bottom\" data-parallax-style=\"bg_only\" data-bg-animation=\"none\" data-full-width=\"false\" class=\"nectar-slider-wrap \" id=\"nectar-slider-instance-1\"><div class=\"swiper-container\"  data-tho=\"auto\" data-tco=\"auto\" data-pho=\"auto\" data-pco=\"auto\" data-loop=\"true\" data-height=\"500\" data-min-height=\"\" data-arrows=\"false\" data-bullets=\"false\" data-bullet_style=\"see_through\" data-bullet_position=\"bottom\" data-desktop-swipe=\"true\" data-settings=\"\"> <div class=\"swiper-wrapper\"><\/div><div class=\"nectar-slider-loading \"> <span class=\"loading-icon none\">   <\/span> <\/div> <\/div> \n\t\t\t\t\t\n\t\t\t\t\t<\/div>[\/vc_column][\/vc_row][vc_row type=&#8220;full_width_background&#8220; bg_position=&#8220;left top&#8220; bg_repeat=&#8220;no-repeat&#8220; bg_color=&#8220;#6b58cd&#8220; text_color=&#8220;light&#8220; text_align=&#8220;center&#8220; bottom_padding=&#8220;40&#8243; top_padding=&#8220;60&#8243;][vc_column width=&#8220;1\/1&#8243;][vc_column_text]\n<h2 class=\"light\" style=\"text-align: center;\">Ready To Take The Next Step &amp; Stand Out?\u00a0<a class=\"nectar-button n-sc-button large see-through has-icon\"  href=\"#\" data-color-override=\"false\" data-hover-color-override=\"false\" data-hover-text-color-override=\"#fff\"><span>Buy Salient<\/span><i class=\"icon-button-arrow\"><\/i><\/a><\/h2>\n[\/vc_column_text][\/vc_column][\/vc_row]\n","protected":false},"excerpt":{"rendered":"<p>[vc_row type=&#8220;full_width_content&#8220; bg_position=&#8220;left top&#8220; bg_repeat=&#8220;no-repeat&#8220; text_color=&#8220;light&#8220; text_align=&#8220;left&#8220; top_padding=&#8220;0&#8243; bottom_padding=&#8220;0&#8243; vertically_center_columns=&#8220;true&#8220;][vc_column width=&#8220;1\/2&#8243; animation=&#8220;none&#8220; column_padding=&#8220;padding-4-percent&#8220; background_color=&#8220;#222222&#8243; background_color_opacity=&#8220;1&#8243;][vc_row_inner][vc_column_inner width=&#8220;1\/4&#8243; animation=&#8220;none&#8220; column_padding=&#8220;padding-2-percent&#8220;][vc_pie value=&#8220;100&#8243; color=&#8220;#20cfef&#8220; title=&#8220;HTML\/CSS&#8220;][\/vc_column_inner][vc_column_inner width=&#8220;1\/4&#8243; animation=&#8220;none&#8220; column_padding=&#8220;padding-2-percent&#8220;][vc_pie value=&#8220;84&#8243; color=&#8220;#20cfef&#8220; title=&#8220;Illustrator&#8220;][\/vc_column_inner][vc_column_inner width=&#8220;1\/4&#8243; animation=&#8220;none&#8220; column_padding=&#8220;padding-2-percent&#8220;][vc_pie&#8230;<\/p>\n","protected":false},"author":1,"featured_media":0,"parent":647,"menu_order":43,"comment_status":"open","ping_status":"open","template":"","meta":{"footnotes":""},"class_list":["post-648","page","type-page","status-publish"],"yoast_head":"<!-- This site is optimized with the Yoast SEO plugin v27.4 - https:\/\/yoast.com\/product\/yoast-seo-wordpress\/ -->\n<title>About Me Creative - Psychiatrick\u00e1 ambulance, nemocnice Hranice a.<\/title>\n<meta name=\"robots\" content=\"index, follow, max-snippet:-1, max-image-preview:large, max-video-preview:-1\" \/>\n<link rel=\"canonical\" href=\"http:\/\/psychiatrie-talova.cz\/index.php\/about\/about-me-example\/\" \/>\n<meta property=\"og:locale\" content=\"cs_CZ\" \/>\n<meta property=\"og:type\" content=\"article\" \/>\n<meta property=\"og:title\" content=\"About Me Creative - Psychiatrick\u00e1 ambulance, nemocnice Hranice a.\" \/>\n<meta property=\"og:description\" content=\"[vc_row type=&#8220;full_width_content&#8220; bg_position=&#8220;left top&#8220; bg_repeat=&#8220;no-repeat&#8220; text_color=&#8220;light&#8220; text_align=&#8220;left&#8220; top_padding=&#8220;0&#8243; bottom_padding=&#8220;0&#8243; vertically_center_columns=&#8220;true&#8220;][vc_column width=&#8220;1\/2&#8243; animation=&#8220;none&#8220; column_padding=&#8220;padding-4-percent&#8220; background_color=&#8220;#222222&#8243; background_color_opacity=&#8220;1&#8243;][vc_row_inner][vc_column_inner width=&#8220;1\/4&#8243; animation=&#8220;none&#8220; column_padding=&#8220;padding-2-percent&#8220;][vc_pie value=&#8220;100&#8243; color=&#8220;#20cfef&#8220; title=&#8220;HTML\/CSS&#8220;][\/vc_column_inner][vc_column_inner width=&#8220;1\/4&#8243; animation=&#8220;none&#8220; column_padding=&#8220;padding-2-percent&#8220;][vc_pie value=&#8220;84&#8243; color=&#8220;#20cfef&#8220; title=&#8220;Illustrator&#8220;][\/vc_column_inner][vc_column_inner width=&#8220;1\/4&#8243; animation=&#8220;none&#8220; column_padding=&#8220;padding-2-percent&#8220;][vc_pie...\" \/>\n<meta property=\"og:url\" content=\"http:\/\/psychiatrie-talova.cz\/index.php\/about\/about-me-example\/\" \/>\n<meta property=\"og:site_name\" content=\"Psychiatrick\u00e1 ambulance, nemocnice Hranice a.\" \/>\n<meta name=\"twitter:card\" content=\"summary_large_image\" \/>\n<meta name=\"twitter:label1\" content=\"Odhadovan\u00e1 doba \u010dten\u00ed\" \/>\n\t<meta name=\"twitter:data1\" content=\"3 minuty\" \/>\n<script type=\"application\/ld+json\" class=\"yoast-schema-graph\">{\"@context\":\"https:\\\/\\\/schema.org\",\"@graph\":[{\"@type\":\"WebPage\",\"@id\":\"http:\\\/\\\/psychiatrie-talova.cz\\\/index.php\\\/about\\\/about-me-example\\\/\",\"url\":\"http:\\\/\\\/psychiatrie-talova.cz\\\/index.php\\\/about\\\/about-me-example\\\/\",\"name\":\"About Me Creative - Psychiatrick\u00e1 ambulance, nemocnice Hranice a.\",\"isPartOf\":{\"@id\":\"https:\\\/\\\/psychiatrie-talova.cz\\\/#website\"},\"datePublished\":\"2013-03-23T13:05:14+00:00\",\"breadcrumb\":{\"@id\":\"http:\\\/\\\/psychiatrie-talova.cz\\\/index.php\\\/about\\\/about-me-example\\\/#breadcrumb\"},\"inLanguage\":\"cs\",\"potentialAction\":[{\"@type\":\"ReadAction\",\"target\":[\"http:\\\/\\\/psychiatrie-talova.cz\\\/index.php\\\/about\\\/about-me-example\\\/\"]}]},{\"@type\":\"BreadcrumbList\",\"@id\":\"http:\\\/\\\/psychiatrie-talova.cz\\\/index.php\\\/about\\\/about-me-example\\\/#breadcrumb\",\"itemListElement\":[{\"@type\":\"ListItem\",\"position\":1,\"name\":\"Dom\u016f\",\"item\":\"https:\\\/\\\/psychiatrie-talova.cz\\\/\"},{\"@type\":\"ListItem\",\"position\":2,\"name\":\"About\",\"item\":\"http:\\\/\\\/psychiatrie-talova.cz\\\/index.php\\\/about\\\/\"},{\"@type\":\"ListItem\",\"position\":3,\"name\":\"About Me Creative\"}]},{\"@type\":\"WebSite\",\"@id\":\"https:\\\/\\\/psychiatrie-talova.cz\\\/#website\",\"url\":\"https:\\\/\\\/psychiatrie-talova.cz\\\/\",\"name\":\"Psychiatrick\u00e1 ambulance, nemocnice Hranice a.\",\"description\":\"Dal\u0161\u00ed web pou\u017e\u00edvaj\u00edc\u00ed WordPress\",\"potentialAction\":[{\"@type\":\"SearchAction\",\"target\":{\"@type\":\"EntryPoint\",\"urlTemplate\":\"https:\\\/\\\/psychiatrie-talova.cz\\\/?s={search_term_string}\"},\"query-input\":{\"@type\":\"PropertyValueSpecification\",\"valueRequired\":true,\"valueName\":\"search_term_string\"}}],\"inLanguage\":\"cs\"}]}<\/script>\n<!-- \/ Yoast SEO plugin. -->","yoast_head_json":{"title":"About Me Creative - Psychiatrick\u00e1 ambulance, nemocnice Hranice a.","robots":{"index":"index","follow":"follow","max-snippet":"max-snippet:-1","max-image-preview":"max-image-preview:large","max-video-preview":"max-video-preview:-1"},"canonical":"http:\/\/psychiatrie-talova.cz\/index.php\/about\/about-me-example\/","og_locale":"cs_CZ","og_type":"article","og_title":"About Me Creative - Psychiatrick\u00e1 ambulance, nemocnice Hranice a.","og_description":"[vc_row type=&#8220;full_width_content&#8220; bg_position=&#8220;left top&#8220; bg_repeat=&#8220;no-repeat&#8220; text_color=&#8220;light&#8220; text_align=&#8220;left&#8220; top_padding=&#8220;0&#8243; bottom_padding=&#8220;0&#8243; vertically_center_columns=&#8220;true&#8220;][vc_column width=&#8220;1\/2&#8243; animation=&#8220;none&#8220; column_padding=&#8220;padding-4-percent&#8220; background_color=&#8220;#222222&#8243; background_color_opacity=&#8220;1&#8243;][vc_row_inner][vc_column_inner width=&#8220;1\/4&#8243; animation=&#8220;none&#8220; column_padding=&#8220;padding-2-percent&#8220;][vc_pie value=&#8220;100&#8243; color=&#8220;#20cfef&#8220; title=&#8220;HTML\/CSS&#8220;][\/vc_column_inner][vc_column_inner width=&#8220;1\/4&#8243; animation=&#8220;none&#8220; column_padding=&#8220;padding-2-percent&#8220;][vc_pie value=&#8220;84&#8243; color=&#8220;#20cfef&#8220; title=&#8220;Illustrator&#8220;][\/vc_column_inner][vc_column_inner width=&#8220;1\/4&#8243; animation=&#8220;none&#8220; column_padding=&#8220;padding-2-percent&#8220;][vc_pie...","og_url":"http:\/\/psychiatrie-talova.cz\/index.php\/about\/about-me-example\/","og_site_name":"Psychiatrick\u00e1 ambulance, nemocnice Hranice a.","twitter_card":"summary_large_image","twitter_misc":{"Odhadovan\u00e1 doba \u010dten\u00ed":"3 minuty"},"schema":{"@context":"https:\/\/schema.org","@graph":[{"@type":"WebPage","@id":"http:\/\/psychiatrie-talova.cz\/index.php\/about\/about-me-example\/","url":"http:\/\/psychiatrie-talova.cz\/index.php\/about\/about-me-example\/","name":"About Me Creative - Psychiatrick\u00e1 ambulance, nemocnice Hranice a.","isPartOf":{"@id":"https:\/\/psychiatrie-talova.cz\/#website"},"datePublished":"2013-03-23T13:05:14+00:00","breadcrumb":{"@id":"http:\/\/psychiatrie-talova.cz\/index.php\/about\/about-me-example\/#breadcrumb"},"inLanguage":"cs","potentialAction":[{"@type":"ReadAction","target":["http:\/\/psychiatrie-talova.cz\/index.php\/about\/about-me-example\/"]}]},{"@type":"BreadcrumbList","@id":"http:\/\/psychiatrie-talova.cz\/index.php\/about\/about-me-example\/#breadcrumb","itemListElement":[{"@type":"ListItem","position":1,"name":"Dom\u016f","item":"https:\/\/psychiatrie-talova.cz\/"},{"@type":"ListItem","position":2,"name":"About","item":"http:\/\/psychiatrie-talova.cz\/index.php\/about\/"},{"@type":"ListItem","position":3,"name":"About Me Creative"}]},{"@type":"WebSite","@id":"https:\/\/psychiatrie-talova.cz\/#website","url":"https:\/\/psychiatrie-talova.cz\/","name":"Psychiatrick\u00e1 ambulance, nemocnice Hranice a.","description":"Dal\u0161\u00ed web pou\u017e\u00edvaj\u00edc\u00ed WordPress","potentialAction":[{"@type":"SearchAction","target":{"@type":"EntryPoint","urlTemplate":"https:\/\/psychiatrie-talova.cz\/?s={search_term_string}"},"query-input":{"@type":"PropertyValueSpecification","valueRequired":true,"valueName":"search_term_string"}}],"inLanguage":"cs"}]}},"_links":{"self":[{"href":"http:\/\/psychiatrie-talova.cz\/index.php\/wp-json\/wp\/v2\/pages\/648","targetHints":{"allow":["GET"]}}],"collection":[{"href":"http:\/\/psychiatrie-talova.cz\/index.php\/wp-json\/wp\/v2\/pages"}],"about":[{"href":"http:\/\/psychiatrie-talova.cz\/index.php\/wp-json\/wp\/v2\/types\/page"}],"author":[{"embeddable":true,"href":"http:\/\/psychiatrie-talova.cz\/index.php\/wp-json\/wp\/v2\/users\/1"}],"replies":[{"embeddable":true,"href":"http:\/\/psychiatrie-talova.cz\/index.php\/wp-json\/wp\/v2\/comments?post=648"}],"version-history":[{"count":0,"href":"http:\/\/psychiatrie-talova.cz\/index.php\/wp-json\/wp\/v2\/pages\/648\/revisions"}],"up":[{"embeddable":true,"href":"http:\/\/psychiatrie-talova.cz\/index.php\/wp-json\/wp\/v2\/pages\/647"}],"wp:attachment":[{"href":"http:\/\/psychiatrie-talova.cz\/index.php\/wp-json\/wp\/v2\/media?parent=648"}],"curies":[{"name":"wp","href":"https:\/\/api.w.org\/{rel}","templated":true}]}}