{"id":709,"date":"2013-11-11T04:26:34","date_gmt":"2013-11-11T04:26:34","guid":{"rendered":"http:\/\/localhost\/wordpress-3-6\/?page_id=709"},"modified":"2013-11-11T04:26:34","modified_gmt":"2013-11-11T04:26:34","slug":"home-blog","status":"publish","type":"page","link":"http:\/\/psychiatrie-talova.cz\/index.php\/home-blog\/","title":{"rendered":"Home &#8211; Blog"},"content":{"rendered":"[vc_row][vc_column width=&#8220;1\/1&#8243;]<style type=\"text\/css\">@media only screen and (min-width: 1300px) { #nectar-slider-instance-1, #nectar-slider-instance-1 .swiper-container { height: 700px; }  } @media only screen and (max-width: 1299px) { #nectar-slider-instance-1, #nectar-slider-instance-1 .swiper-container { height: 583.33333333333px; }  } @media only screen and (max-width: 1000px) { #nectar-slider-instance-1, #nectar-slider-instance-1 .swiper-container { height: 500px; }  } @media only screen and (max-width: 690px) { #nectar-slider-instance-1, #nectar-slider-instance-1 .swiper-container { height: 259.25925925926px; }  } <\/style><div data-midnight=\"nectar-slider\" class=\"parallax_slider_outer \"><div  data-transition=\"swipe\" data-overall_style=\"classic\" data-flexible-height=\"\" data-animate-in-effect=\"none\" data-fullscreen=\"false\" data-button-sizing=\"regular\" data-button-styling=\"btn_with_count\" data-autorotate=\"\" data-parallax=\"true\" data-parallax-disable-mobile=\"\" data-caption-trans=\"fade_in_from_bottom\" data-parallax-style=\"bg_only\" data-bg-animation=\"none\" data-full-width=\"true\" class=\"nectar-slider-wrap \" id=\"nectar-slider-instance-1\"><div class=\"swiper-container\"  data-tho=\"auto\" data-tco=\"auto\" data-pho=\"auto\" data-pco=\"auto\" data-loop=\"true\" data-height=\"700\" data-min-height=\"\" data-arrows=\"true\" data-bullets=\"true\" data-bullet_style=\"see_through\" data-bullet_position=\"bottom\" data-desktop-swipe=\"true\" data-settings=\"\"> <div class=\"swiper-wrapper\"><div class=\"swiper-slide\" data-desktop-content-width=\"auto\" data-tablet-content-width=\"auto\" data-bg-alignment=\"center\" data-color-scheme=\"light\" data-x-pos=\"centered\" data-y-pos=\"middle\" ><div class=\"slide-bg-wrap\"><div class=\"image-bg\" style=\"background-image: url(http:\/\/psychiatrie-talova.cz\/wp-content\/uploads\/2019\/11\/face-1370955_1920.jpg);\"> &nbsp; <\/div><\/div><div class=\"container\">\n\t\t\t\t\t\t<div class=\"content\"><h2 class=\"ns-heading-el\">Psychiatrick\u00e1 ambulance - MUDr. Barbora Talov\u00e1 s.r.o. <\/h2><p  ><span>Nemocnice Hranice a.s.<\/span><\/p><div class=\"buttons\"><div class=\"button solid_color\">\n\t\t\t\t\t\t\t\t\t\t<a class=\"extra-color-1\" href=\"http:\/\/psychiatrie-talova.cz\/#onas\">O n\u00e1s<\/a>\n\t\t\t\t\t\t\t\t\t\t<\/div><\/div><\/div>\n\t\t\t\t\t\t\t\t<\/div><!--\/container--><div class=\"video-texture active_texture\"> <span class=\"ie-fix\"><\/span> <\/div><\/div> <!--\/swiper-slide--><\/div><div class=\"nectar-slider-loading \"> <span class=\"loading-icon none\">   <\/span> <\/div> <\/div> \n\t\t\t\t\t\n\t\t\t\t\t<\/div><\/div>[\/vc_column][\/vc_row][full_width_section bg_pos=&#8220;Left Top&#8220; bg_repeat=&#8220;No-Repeat&#8220; text_color=&#8220;Dark&#8220; top_padding=&#8220;70&#8243; bottom_padding=&#8220;20&#8243; background_color=&#8220;#f5f5f5&#8243;][vc_column width=&#8220;1\/1&#8243;][nectar_blog layout=&#8220;masonry-blog-full-screen-width&#8220; category=&#8220;all&#8220; posts_per_page=&#8220;20&#8243;][\/vc_column][\/full_width_section][vc_row type=&#8220;full_width_background&#8220; bg_position=&#8220;left top&#8220; bg_repeat=&#8220;no-repeat&#8220; text_color=&#8220;light&#8220; text_align=&#8220;center&#8220; top_padding=&#8220;120&#8243; bottom_padding=&#8220;120&#8243; video_overlay_color=&#8220;#1fd9fb&#8220; bg_color=&#8220;#020202&#8243;][vc_column width=&#8220;1\/1&#8243;][vc_column_text]\n<h1>Ready To Stand Out?<\/h1>\n[divider line_type=&#8220;No Line&#8220; custom_height=&#8220;30&#8243;]\n<a class=\"nectar-button n-sc-button large see-through has-icon\"  href=\"http:\/\/themeforest.net\/item\/salient-responsive-multipurpose-theme\/4363266\" data-color-override=\"false\" data-hover-color-override=\"false\" data-hover-text-color-override=\"#fff\"><span>Buy Salient Now<\/span><i class=\"icon-button-arrow\"><\/i><\/a>\u00a0 <a class=\"nectar-button n-sc-button large see-through has-icon\"  href=\"http:\/\/themenectar.com\/demo\/salient-frostwave\/contact-alternative\/\" data-color-override=\"false\" data-hover-color-override=\"false\" data-hover-text-color-override=\"#fff\"><span>Reach Out To Us<\/span><i class=\"icon-button-arrow\"><\/i><\/a>\n[\/vc_column_text][\/vc_column][\/vc_row]\n","protected":false},"excerpt":{"rendered":"<p>[vc_row][vc_column width=&#8220;1\/1&#8243;][\/vc_column][\/vc_row][full_width_section bg_pos=&#8220;Left Top&#8220; bg_repeat=&#8220;No-Repeat&#8220; text_color=&#8220;Dark&#8220; top_padding=&#8220;70&#8243; bottom_padding=&#8220;20&#8243; background_color=&#8220;#f5f5f5&#8243;][vc_column width=&#8220;1\/1&#8243;][nectar_blog layout=&#8220;masonry-blog-full-screen-width&#8220; category=&#8220;all&#8220; posts_per_page=&#8220;20&#8243;][\/vc_column][\/full_width_section][vc_row type=&#8220;full_width_background&#8220; bg_position=&#8220;left top&#8220; bg_repeat=&#8220;no-repeat&#8220; text_color=&#8220;light&#8220; text_align=&#8220;center&#8220; top_padding=&#8220;120&#8243; bottom_padding=&#8220;120&#8243; video_overlay_color=&#8220;#1fd9fb&#8220; bg_color=&#8220;#020202&#8243;][vc_column width=&#8220;1\/1&#8243;][vc_column_text] Ready To Stand Out? [divider line_type=&#8220;No&#8230;<\/p>\n","protected":false},"author":1,"featured_media":0,"parent":0,"menu_order":31,"comment_status":"open","ping_status":"open","template":"","meta":{"footnotes":""},"class_list":["post-709","page","type-page","status-publish"],"yoast_head":"<!-- This site is optimized with the Yoast SEO plugin v27.4 - https:\/\/yoast.com\/product\/yoast-seo-wordpress\/ -->\n<title>Home - Blog - Psychiatrick\u00e1 ambulance, nemocnice Hranice a.<\/title>\n<meta name=\"robots\" content=\"index, follow, max-snippet:-1, max-image-preview:large, max-video-preview:-1\" \/>\n<link rel=\"canonical\" href=\"http:\/\/psychiatrie-talova.cz\/index.php\/home-blog\/\" \/>\n<meta property=\"og:locale\" content=\"cs_CZ\" \/>\n<meta property=\"og:type\" content=\"article\" \/>\n<meta property=\"og:title\" content=\"Home - Blog - Psychiatrick\u00e1 ambulance, nemocnice Hranice a.\" \/>\n<meta property=\"og:description\" content=\"[vc_row][vc_column width=&#8220;1\/1&#8243;][\/vc_column][\/vc_row][full_width_section bg_pos=&#8220;Left Top&#8220; bg_repeat=&#8220;No-Repeat&#8220; text_color=&#8220;Dark&#8220; top_padding=&#8220;70&#8243; bottom_padding=&#8220;20&#8243; background_color=&#8220;#f5f5f5&#8243;][vc_column width=&#8220;1\/1&#8243;][nectar_blog layout=&#8220;masonry-blog-full-screen-width&#8220; category=&#8220;all&#8220; posts_per_page=&#8220;20&#8243;][\/vc_column][\/full_width_section][vc_row type=&#8220;full_width_background&#8220; bg_position=&#8220;left top&#8220; bg_repeat=&#8220;no-repeat&#8220; text_color=&#8220;light&#8220; text_align=&#8220;center&#8220; top_padding=&#8220;120&#8243; bottom_padding=&#8220;120&#8243; video_overlay_color=&#8220;#1fd9fb&#8220; bg_color=&#8220;#020202&#8243;][vc_column width=&#8220;1\/1&#8243;][vc_column_text] Ready To Stand Out? [divider line_type=&#8220;No...\" \/>\n<meta property=\"og:url\" content=\"http:\/\/psychiatrie-talova.cz\/index.php\/home-blog\/\" \/>\n<meta property=\"og:site_name\" content=\"Psychiatrick\u00e1 ambulance, nemocnice Hranice a.\" \/>\n<meta name=\"twitter:card\" content=\"summary_large_image\" \/>\n<meta name=\"twitter:label1\" content=\"Odhadovan\u00e1 doba \u010dten\u00ed\" \/>\n\t<meta name=\"twitter:data1\" content=\"1 minuta\" \/>\n<script type=\"application\/ld+json\" class=\"yoast-schema-graph\">{\"@context\":\"https:\\\/\\\/schema.org\",\"@graph\":[{\"@type\":\"WebPage\",\"@id\":\"http:\\\/\\\/psychiatrie-talova.cz\\\/index.php\\\/home-blog\\\/\",\"url\":\"http:\\\/\\\/psychiatrie-talova.cz\\\/index.php\\\/home-blog\\\/\",\"name\":\"Home - Blog - Psychiatrick\u00e1 ambulance, nemocnice Hranice a.\",\"isPartOf\":{\"@id\":\"https:\\\/\\\/psychiatrie-talova.cz\\\/#website\"},\"datePublished\":\"2013-11-11T04:26:34+00:00\",\"breadcrumb\":{\"@id\":\"http:\\\/\\\/psychiatrie-talova.cz\\\/index.php\\\/home-blog\\\/#breadcrumb\"},\"inLanguage\":\"cs\",\"potentialAction\":[{\"@type\":\"ReadAction\",\"target\":[\"http:\\\/\\\/psychiatrie-talova.cz\\\/index.php\\\/home-blog\\\/\"]}]},{\"@type\":\"BreadcrumbList\",\"@id\":\"http:\\\/\\\/psychiatrie-talova.cz\\\/index.php\\\/home-blog\\\/#breadcrumb\",\"itemListElement\":[{\"@type\":\"ListItem\",\"position\":1,\"name\":\"Dom\u016f\",\"item\":\"https:\\\/\\\/psychiatrie-talova.cz\\\/\"},{\"@type\":\"ListItem\",\"position\":2,\"name\":\"Home &#8211; Blog\"}]},{\"@type\":\"WebSite\",\"@id\":\"https:\\\/\\\/psychiatrie-talova.cz\\\/#website\",\"url\":\"https:\\\/\\\/psychiatrie-talova.cz\\\/\",\"name\":\"Psychiatrick\u00e1 ambulance, nemocnice Hranice a.\",\"description\":\"Dal\u0161\u00ed web pou\u017e\u00edvaj\u00edc\u00ed WordPress\",\"potentialAction\":[{\"@type\":\"SearchAction\",\"target\":{\"@type\":\"EntryPoint\",\"urlTemplate\":\"https:\\\/\\\/psychiatrie-talova.cz\\\/?s={search_term_string}\"},\"query-input\":{\"@type\":\"PropertyValueSpecification\",\"valueRequired\":true,\"valueName\":\"search_term_string\"}}],\"inLanguage\":\"cs\"}]}<\/script>\n<!-- \/ Yoast SEO plugin. -->","yoast_head_json":{"title":"Home - Blog - Psychiatrick\u00e1 ambulance, nemocnice Hranice a.","robots":{"index":"index","follow":"follow","max-snippet":"max-snippet:-1","max-image-preview":"max-image-preview:large","max-video-preview":"max-video-preview:-1"},"canonical":"http:\/\/psychiatrie-talova.cz\/index.php\/home-blog\/","og_locale":"cs_CZ","og_type":"article","og_title":"Home - Blog - Psychiatrick\u00e1 ambulance, nemocnice Hranice a.","og_description":"[vc_row][vc_column width=&#8220;1\/1&#8243;][\/vc_column][\/vc_row][full_width_section bg_pos=&#8220;Left Top&#8220; bg_repeat=&#8220;No-Repeat&#8220; text_color=&#8220;Dark&#8220; top_padding=&#8220;70&#8243; bottom_padding=&#8220;20&#8243; background_color=&#8220;#f5f5f5&#8243;][vc_column width=&#8220;1\/1&#8243;][nectar_blog layout=&#8220;masonry-blog-full-screen-width&#8220; category=&#8220;all&#8220; posts_per_page=&#8220;20&#8243;][\/vc_column][\/full_width_section][vc_row type=&#8220;full_width_background&#8220; bg_position=&#8220;left top&#8220; bg_repeat=&#8220;no-repeat&#8220; text_color=&#8220;light&#8220; text_align=&#8220;center&#8220; top_padding=&#8220;120&#8243; bottom_padding=&#8220;120&#8243; video_overlay_color=&#8220;#1fd9fb&#8220; bg_color=&#8220;#020202&#8243;][vc_column width=&#8220;1\/1&#8243;][vc_column_text] Ready To Stand Out? [divider line_type=&#8220;No...","og_url":"http:\/\/psychiatrie-talova.cz\/index.php\/home-blog\/","og_site_name":"Psychiatrick\u00e1 ambulance, nemocnice Hranice a.","twitter_card":"summary_large_image","twitter_misc":{"Odhadovan\u00e1 doba \u010dten\u00ed":"1 minuta"},"schema":{"@context":"https:\/\/schema.org","@graph":[{"@type":"WebPage","@id":"http:\/\/psychiatrie-talova.cz\/index.php\/home-blog\/","url":"http:\/\/psychiatrie-talova.cz\/index.php\/home-blog\/","name":"Home - Blog - Psychiatrick\u00e1 ambulance, nemocnice Hranice a.","isPartOf":{"@id":"https:\/\/psychiatrie-talova.cz\/#website"},"datePublished":"2013-11-11T04:26:34+00:00","breadcrumb":{"@id":"http:\/\/psychiatrie-talova.cz\/index.php\/home-blog\/#breadcrumb"},"inLanguage":"cs","potentialAction":[{"@type":"ReadAction","target":["http:\/\/psychiatrie-talova.cz\/index.php\/home-blog\/"]}]},{"@type":"BreadcrumbList","@id":"http:\/\/psychiatrie-talova.cz\/index.php\/home-blog\/#breadcrumb","itemListElement":[{"@type":"ListItem","position":1,"name":"Dom\u016f","item":"https:\/\/psychiatrie-talova.cz\/"},{"@type":"ListItem","position":2,"name":"Home &#8211; Blog"}]},{"@type":"WebSite","@id":"https:\/\/psychiatrie-talova.cz\/#website","url":"https:\/\/psychiatrie-talova.cz\/","name":"Psychiatrick\u00e1 ambulance, nemocnice Hranice a.","description":"Dal\u0161\u00ed web pou\u017e\u00edvaj\u00edc\u00ed WordPress","potentialAction":[{"@type":"SearchAction","target":{"@type":"EntryPoint","urlTemplate":"https:\/\/psychiatrie-talova.cz\/?s={search_term_string}"},"query-input":{"@type":"PropertyValueSpecification","valueRequired":true,"valueName":"search_term_string"}}],"inLanguage":"cs"}]}},"_links":{"self":[{"href":"http:\/\/psychiatrie-talova.cz\/index.php\/wp-json\/wp\/v2\/pages\/709","targetHints":{"allow":["GET"]}}],"collection":[{"href":"http:\/\/psychiatrie-talova.cz\/index.php\/wp-json\/wp\/v2\/pages"}],"about":[{"href":"http:\/\/psychiatrie-talova.cz\/index.php\/wp-json\/wp\/v2\/types\/page"}],"author":[{"embeddable":true,"href":"http:\/\/psychiatrie-talova.cz\/index.php\/wp-json\/wp\/v2\/users\/1"}],"replies":[{"embeddable":true,"href":"http:\/\/psychiatrie-talova.cz\/index.php\/wp-json\/wp\/v2\/comments?post=709"}],"version-history":[{"count":0,"href":"http:\/\/psychiatrie-talova.cz\/index.php\/wp-json\/wp\/v2\/pages\/709\/revisions"}],"wp:attachment":[{"href":"http:\/\/psychiatrie-talova.cz\/index.php\/wp-json\/wp\/v2\/media?parent=709"}],"curies":[{"name":"wp","href":"https:\/\/api.w.org\/{rel}","templated":true}]}}