{"id":770,"date":"2013-12-09T00:05:09","date_gmt":"2013-12-09T00:05:09","guid":{"rendered":"http:\/\/localhost\/wordpress-3-6\/?page_id=770"},"modified":"2013-12-09T00:05:09","modified_gmt":"2013-12-09T00:05:09","slug":"hd-video-series","status":"publish","type":"page","link":"http:\/\/psychiatrie-talova.cz\/index.php\/features\/hd-video-series\/","title":{"rendered":"HD Video Series"},"content":{"rendered":"[full_width_section parallax_bg=&#8220;true&#8220; bg_pos=&#8220;Left Top&#8220; bg_repeat=&#8220;No-Repeat&#8220; text_color=&#8220;light&#8220; image_url=&#8220;http:\/\/themenectar.com\/demo\/salient\/wp-content\/uploads\/2013\/09\/youtube-bg.png&#8220; top_padding=&#8220;150&#8243; bottom_padding=&#8220;150&#8243; type=&#8220;full_width_background&#8220; text_align=&#8220;center&#8220;]<div class=\"col span_12 centered-text\" data-animation=\"\" data-delay=\"0\">[image_with_animation animation=&#8220;Grow In&#8220; image_url=&#8220;http:\/\/themenectar.com\/demo\/salient\/wp-content\/uploads\/2013\/09\/tn-for-youtube.png&#8220;] [\/image_with_animation][vc_column_text]\n<h2 style=\"text-align: center;\">Videos Get Posted For Every Major Release<\/h2>\n<h4 class=\"light\" style=\"text-align: center;\">Stop feeling overwhelmed by long text documents without any visual instructions.<\/h4>\n<h4 class=\"light\" style=\"text-align: center;\">All of the videos ThemeNectar posts also come narrated throughout the<\/h4>\n<h4 class=\"light\" style=\"text-align: center;\">entire duration to ensure your learning experience is a breeze!<\/h4>\n[\/vc_column_text]<\/div><div class=\"clear\"><\/div>[\/full_width_section][full_width_section bg_pos=&#8220;Left Top&#8220; bg_repeat=&#8220;No-Repeat&#8220; text_color=&#8220;Light&#8220; top_padding=&#8220;50&#8243; bottom_padding=&#8220;30&#8243; background_color=&#8220;#fbaa5c&#8220;][vc_column width=&#8220;1\/1&#8243;][vc_column_text]\n<h2 class=\"light\" style=\"text-align: center;\">Check out The ThemeNectar Youtube Channel Now <a class=\"nectar-button n-sc-button medium see-through\" target=\"_blank\" href=\"http:\/\/www.youtube.com\/user\/ThemeNectar\" data-color-override=\"false\" data-hover-color-override=\"false\" data-hover-text-color-override=\"#fff\"><span>Onward to the videos!<\/span><\/a><\/h2>\n[\/vc_column_text][\/vc_column][\/full_width_section]\n","protected":false},"excerpt":{"rendered":"<p>[full_width_section parallax_bg=&#8220;true&#8220; bg_pos=&#8220;Left Top&#8220; bg_repeat=&#8220;No-Repeat&#8220; text_color=&#8220;light&#8220; image_url=&#8220;http:\/\/themenectar.com\/demo\/salient\/wp-content\/uploads\/2013\/09\/youtube-bg.png&#8220; top_padding=&#8220;150&#8243; bottom_padding=&#8220;150&#8243; type=&#8220;full_width_background&#8220; text_align=&#8220;center&#8220;][\/full_width_section][full_width_section bg_pos=&#8220;Left Top&#8220; bg_repeat=&#8220;No-Repeat&#8220; text_color=&#8220;Light&#8220; top_padding=&#8220;50&#8243; bottom_padding=&#8220;30&#8243; background_color=&#8220;#fbaa5c&#8220;][vc_column width=&#8220;1\/1&#8243;][vc_column_text] Check out The ThemeNectar Youtube Channel Now [\/vc_column_text][\/vc_column][\/full_width_section]<\/p>\n","protected":false},"author":1,"featured_media":0,"parent":23,"menu_order":22,"comment_status":"open","ping_status":"open","template":"","meta":{"footnotes":""},"class_list":["post-770","page","type-page","status-publish"],"yoast_head":"<!-- This site is optimized with the Yoast SEO plugin v27.4 - https:\/\/yoast.com\/product\/yoast-seo-wordpress\/ -->\n<title>HD Video Series - Psychiatrick\u00e1 ambulance, nemocnice Hranice a.<\/title>\n<meta name=\"robots\" content=\"index, follow, max-snippet:-1, max-image-preview:large, max-video-preview:-1\" \/>\n<link rel=\"canonical\" href=\"http:\/\/psychiatrie-talova.cz\/index.php\/features\/hd-video-series\/\" \/>\n<meta property=\"og:locale\" content=\"cs_CZ\" \/>\n<meta property=\"og:type\" content=\"article\" \/>\n<meta property=\"og:title\" content=\"HD Video Series - Psychiatrick\u00e1 ambulance, nemocnice Hranice a.\" \/>\n<meta property=\"og:description\" content=\"[full_width_section parallax_bg=&#8220;true&#8220; bg_pos=&#8220;Left Top&#8220; bg_repeat=&#8220;No-Repeat&#8220; text_color=&#8220;light&#8220; image_url=&#8220;http:\/\/themenectar.com\/demo\/salient\/wp-content\/uploads\/2013\/09\/youtube-bg.png&#8220; top_padding=&#8220;150&#8243; bottom_padding=&#8220;150&#8243; type=&#8220;full_width_background&#8220; text_align=&#8220;center&#8220;][\/full_width_section][full_width_section bg_pos=&#8220;Left Top&#8220; bg_repeat=&#8220;No-Repeat&#8220; text_color=&#8220;Light&#8220; top_padding=&#8220;50&#8243; bottom_padding=&#8220;30&#8243; background_color=&#8220;#fbaa5c&#8220;][vc_column width=&#8220;1\/1&#8243;][vc_column_text] Check out The ThemeNectar Youtube Channel Now [\/vc_column_text][\/vc_column][\/full_width_section]\" \/>\n<meta property=\"og:url\" content=\"http:\/\/psychiatrie-talova.cz\/index.php\/features\/hd-video-series\/\" \/>\n<meta property=\"og:site_name\" content=\"Psychiatrick\u00e1 ambulance, nemocnice Hranice a.\" \/>\n<meta name=\"twitter:card\" content=\"summary_large_image\" \/>\n<meta name=\"twitter:label1\" content=\"Odhadovan\u00e1 doba \u010dten\u00ed\" \/>\n\t<meta name=\"twitter:data1\" content=\"1 minuta\" \/>\n<script type=\"application\/ld+json\" class=\"yoast-schema-graph\">{\"@context\":\"https:\\\/\\\/schema.org\",\"@graph\":[{\"@type\":\"WebPage\",\"@id\":\"http:\\\/\\\/psychiatrie-talova.cz\\\/index.php\\\/features\\\/hd-video-series\\\/\",\"url\":\"http:\\\/\\\/psychiatrie-talova.cz\\\/index.php\\\/features\\\/hd-video-series\\\/\",\"name\":\"HD Video Series - Psychiatrick\u00e1 ambulance, nemocnice Hranice a.\",\"isPartOf\":{\"@id\":\"https:\\\/\\\/psychiatrie-talova.cz\\\/#website\"},\"datePublished\":\"2013-12-09T00:05:09+00:00\",\"breadcrumb\":{\"@id\":\"http:\\\/\\\/psychiatrie-talova.cz\\\/index.php\\\/features\\\/hd-video-series\\\/#breadcrumb\"},\"inLanguage\":\"cs\",\"potentialAction\":[{\"@type\":\"ReadAction\",\"target\":[\"http:\\\/\\\/psychiatrie-talova.cz\\\/index.php\\\/features\\\/hd-video-series\\\/\"]}]},{\"@type\":\"BreadcrumbList\",\"@id\":\"http:\\\/\\\/psychiatrie-talova.cz\\\/index.php\\\/features\\\/hd-video-series\\\/#breadcrumb\",\"itemListElement\":[{\"@type\":\"ListItem\",\"position\":1,\"name\":\"Dom\u016f\",\"item\":\"https:\\\/\\\/psychiatrie-talova.cz\\\/\"},{\"@type\":\"ListItem\",\"position\":2,\"name\":\"Features\",\"item\":\"http:\\\/\\\/psychiatrie-talova.cz\\\/index.php\\\/features\\\/\"},{\"@type\":\"ListItem\",\"position\":3,\"name\":\"HD Video Series\"}]},{\"@type\":\"WebSite\",\"@id\":\"https:\\\/\\\/psychiatrie-talova.cz\\\/#website\",\"url\":\"https:\\\/\\\/psychiatrie-talova.cz\\\/\",\"name\":\"Psychiatrick\u00e1 ambulance, nemocnice Hranice a.\",\"description\":\"Dal\u0161\u00ed web pou\u017e\u00edvaj\u00edc\u00ed WordPress\",\"potentialAction\":[{\"@type\":\"SearchAction\",\"target\":{\"@type\":\"EntryPoint\",\"urlTemplate\":\"https:\\\/\\\/psychiatrie-talova.cz\\\/?s={search_term_string}\"},\"query-input\":{\"@type\":\"PropertyValueSpecification\",\"valueRequired\":true,\"valueName\":\"search_term_string\"}}],\"inLanguage\":\"cs\"}]}<\/script>\n<!-- \/ Yoast SEO plugin. -->","yoast_head_json":{"title":"HD Video Series - Psychiatrick\u00e1 ambulance, nemocnice Hranice a.","robots":{"index":"index","follow":"follow","max-snippet":"max-snippet:-1","max-image-preview":"max-image-preview:large","max-video-preview":"max-video-preview:-1"},"canonical":"http:\/\/psychiatrie-talova.cz\/index.php\/features\/hd-video-series\/","og_locale":"cs_CZ","og_type":"article","og_title":"HD Video Series - Psychiatrick\u00e1 ambulance, nemocnice Hranice a.","og_description":"[full_width_section parallax_bg=&#8220;true&#8220; bg_pos=&#8220;Left Top&#8220; bg_repeat=&#8220;No-Repeat&#8220; text_color=&#8220;light&#8220; image_url=&#8220;http:\/\/themenectar.com\/demo\/salient\/wp-content\/uploads\/2013\/09\/youtube-bg.png&#8220; top_padding=&#8220;150&#8243; bottom_padding=&#8220;150&#8243; type=&#8220;full_width_background&#8220; text_align=&#8220;center&#8220;][\/full_width_section][full_width_section bg_pos=&#8220;Left Top&#8220; bg_repeat=&#8220;No-Repeat&#8220; text_color=&#8220;Light&#8220; top_padding=&#8220;50&#8243; bottom_padding=&#8220;30&#8243; background_color=&#8220;#fbaa5c&#8220;][vc_column width=&#8220;1\/1&#8243;][vc_column_text] Check out The ThemeNectar Youtube Channel Now [\/vc_column_text][\/vc_column][\/full_width_section]","og_url":"http:\/\/psychiatrie-talova.cz\/index.php\/features\/hd-video-series\/","og_site_name":"Psychiatrick\u00e1 ambulance, nemocnice Hranice a.","twitter_card":"summary_large_image","twitter_misc":{"Odhadovan\u00e1 doba \u010dten\u00ed":"1 minuta"},"schema":{"@context":"https:\/\/schema.org","@graph":[{"@type":"WebPage","@id":"http:\/\/psychiatrie-talova.cz\/index.php\/features\/hd-video-series\/","url":"http:\/\/psychiatrie-talova.cz\/index.php\/features\/hd-video-series\/","name":"HD Video Series - Psychiatrick\u00e1 ambulance, nemocnice Hranice a.","isPartOf":{"@id":"https:\/\/psychiatrie-talova.cz\/#website"},"datePublished":"2013-12-09T00:05:09+00:00","breadcrumb":{"@id":"http:\/\/psychiatrie-talova.cz\/index.php\/features\/hd-video-series\/#breadcrumb"},"inLanguage":"cs","potentialAction":[{"@type":"ReadAction","target":["http:\/\/psychiatrie-talova.cz\/index.php\/features\/hd-video-series\/"]}]},{"@type":"BreadcrumbList","@id":"http:\/\/psychiatrie-talova.cz\/index.php\/features\/hd-video-series\/#breadcrumb","itemListElement":[{"@type":"ListItem","position":1,"name":"Dom\u016f","item":"https:\/\/psychiatrie-talova.cz\/"},{"@type":"ListItem","position":2,"name":"Features","item":"http:\/\/psychiatrie-talova.cz\/index.php\/features\/"},{"@type":"ListItem","position":3,"name":"HD Video Series"}]},{"@type":"WebSite","@id":"https:\/\/psychiatrie-talova.cz\/#website","url":"https:\/\/psychiatrie-talova.cz\/","name":"Psychiatrick\u00e1 ambulance, nemocnice Hranice a.","description":"Dal\u0161\u00ed web pou\u017e\u00edvaj\u00edc\u00ed WordPress","potentialAction":[{"@type":"SearchAction","target":{"@type":"EntryPoint","urlTemplate":"https:\/\/psychiatrie-talova.cz\/?s={search_term_string}"},"query-input":{"@type":"PropertyValueSpecification","valueRequired":true,"valueName":"search_term_string"}}],"inLanguage":"cs"}]}},"_links":{"self":[{"href":"http:\/\/psychiatrie-talova.cz\/index.php\/wp-json\/wp\/v2\/pages\/770","targetHints":{"allow":["GET"]}}],"collection":[{"href":"http:\/\/psychiatrie-talova.cz\/index.php\/wp-json\/wp\/v2\/pages"}],"about":[{"href":"http:\/\/psychiatrie-talova.cz\/index.php\/wp-json\/wp\/v2\/types\/page"}],"author":[{"embeddable":true,"href":"http:\/\/psychiatrie-talova.cz\/index.php\/wp-json\/wp\/v2\/users\/1"}],"replies":[{"embeddable":true,"href":"http:\/\/psychiatrie-talova.cz\/index.php\/wp-json\/wp\/v2\/comments?post=770"}],"version-history":[{"count":0,"href":"http:\/\/psychiatrie-talova.cz\/index.php\/wp-json\/wp\/v2\/pages\/770\/revisions"}],"up":[{"embeddable":true,"href":"http:\/\/psychiatrie-talova.cz\/index.php\/wp-json\/wp\/v2\/pages\/23"}],"wp:attachment":[{"href":"http:\/\/psychiatrie-talova.cz\/index.php\/wp-json\/wp\/v2\/media?parent=770"}],"curies":[{"name":"wp","href":"https:\/\/api.w.org\/{rel}","templated":true}]}}