{"id":965,"date":"2014-01-17T19:06:47","date_gmt":"2014-01-17T19:06:47","guid":{"rendered":"http:\/\/themenectar.com\/demo\/salient-frostwave\/?page_id=965"},"modified":"2014-01-17T19:06:47","modified_gmt":"2014-01-17T19:06:47","slug":"page-builder","status":"publish","type":"page","link":"http:\/\/psychiatrie-talova.cz\/index.php\/features\/page-builder\/","title":{"rendered":"Page Builder"},"content":{"rendered":"[vc_row type=&#8220;full_width_background&#8220; bg_position=&#8220;left top&#8220; bg_repeat=&#8220;no-repeat&#8220; text_color=&#8220;light&#8220; text_align=&#8220;center&#8220; top_padding=&#8220;80&#8243; bottom_padding=&#8220;60&#8243; bg_color=&#8220;#f6653c&#8220;][vc_column width=&#8220;1\/1&#8243; enable_animation=&#8220;true&#8220; animation=&#8220;fade-in&#8220;][vc_column_text]\n<h2 style=\"text-align: center;\">Introducing The Nectar Page Builder<\/h2>\n<h4 class=\"light\" style=\"text-align: center;\">A Modified version of Visual Composer that makes creating gorgeous<br \/>\npages a breeze. Check out the interface images below to get a feel for it!<\/h4>\n[\/vc_column_text][\/vc_column][\/vc_row][vc_row type=&#8220;full_width_background&#8220; bg_position=&#8220;left top&#8220; bg_repeat=&#8220;no-repeat&#8220; text_color=&#8220;dark&#8220; text_align=&#8220;center&#8220; top_padding=&#8220;80&#8243; bottom_padding=&#8220;80&#8243; bg_image=&#8220;http:\/\/themenectar.com\/demo\/salient\/wp-content\/uploads\/2014\/01\/page-builder-bg.jpg&#8220;][vc_column width=&#8220;1\/1&#8243; enable_animation=&#8220;true&#8220; animation=&#8220;fade-in&#8220; delay=&#8220;400&#8243;][divider line_type=&#8220;No Line&#8220; custom_height=&#8220;30&#8243;][image_with_animation image_url=&#8220;http:\/\/themenectar.com\/demo\/salient\/wp-content\/uploads\/2014\/01\/page-builder-3.png&#8220; img_link_target=&#8220;_self&#8220; animation=&#8220;Fade In&#8220;][\/vc_column][\/vc_row][vc_row type=&#8220;full_width_background&#8220; bg_position=&#8220;left top&#8220; bg_repeat=&#8220;no-repeat&#8220; text_color=&#8220;light&#8220; text_align=&#8220;center&#8220; bg_color=&#8220;#112023&#8243; top_padding=&#8220;80&#8243; bg_image=&#8220;http:\/\/themenectar.com\/demo\/salient\/wp-content\/uploads\/2014\/01\/stars1.png&#8220; bottom_padding=&#8220;80&#8243; parallax_bg=&#8220;true&#8220;][vc_column width=&#8220;1\/4&#8243; enable_animation=&#8220;true&#8220; animation=&#8220;grow-in&#8220;][vc_column_text]<i class=\"icon-default-style steadysets-icon-diamond extra-color-1\"><\/i>[\/vc_column_text][divider line_type=&#8220;No Line&#8220; custom_height=&#8220;10&#8243;][milestone color=&#8220;Default&#8220; number=&#8220;30&#8243; subject=&#8220;Drag &amp; Drop Elements&#8220; symbol_position=&#8220;before&#8220;][\/vc_column][vc_column width=&#8220;1\/4&#8243; enable_animation=&#8220;true&#8220; animation=&#8220;grow-in&#8220; delay=&#8220;300&#8243;][vc_column_text]<i class=\"icon-default-style steadysets-icon-stopwatch extra-color-1\"><\/i>[\/vc_column_text][divider line_type=&#8220;No Line&#8220; custom_height=&#8220;10&#8243;][milestone color=&#8220;Default&#8220; number=&#8220;100&#8243; subject=&#8220;Development Hours&#8220; symbol=&#8220;+&#8220; symbol_position=&#8220;after&#8220;][\/vc_column][vc_column width=&#8220;1\/4&#8243; enable_animation=&#8220;true&#8220; animation=&#8220;grow-in&#8220; delay=&#8220;600&#8243;][vc_column_text]<i class=\"icon-default-style steadysets-icon-drink extra-color-1\"><\/i>[\/vc_column_text][divider line_type=&#8220;No Line&#8220; custom_height=&#8220;10&#8243;][milestone color=&#8220;Default&#8220; number=&#8220;2&#8243; subject=&#8220;More Convenient&#8220; symbol=&#8220;x&#8220; symbol_position=&#8220;after&#8220;][\/vc_column][vc_column width=&#8220;1\/4&#8243; enable_animation=&#8220;true&#8220; animation=&#8220;grow-in&#8220; delay=&#8220;900&#8243;][vc_column_text]<i class=\"icon-default-style linecon-icon-banknote extra-color-1\"><\/i>[\/vc_column_text][divider line_type=&#8220;No Line&#8220; custom_height=&#8220;10&#8243;][milestone color=&#8220;Default&#8220; number=&#8220;25&#8243; subject=&#8220;Plugin Value&#8220; symbol=&#8220;$&#8220; symbol_position=&#8220;before&#8220;][\/vc_column][\/vc_row][vc_row type=&#8220;full_width_background&#8220; bg_position=&#8220;left top&#8220; bg_repeat=&#8220;no-repeat&#8220; bg_color=&#8220;#ffffff&#8220; text_color=&#8220;dark&#8220; text_align=&#8220;center&#8220; top_padding=&#8220;80&#8243; bottom_padding=&#8220;80&#8243;][vc_column width=&#8220;1\/1&#8243; enable_animation=&#8220;true&#8220; animation=&#8220;fade-in&#8220;][image_with_animation image_url=&#8220;http:\/\/themenectar.com\/demo\/salient\/wp-content\/uploads\/2014\/01\/page-builder-2.png&#8220; img_link_target=&#8220;_self&#8220; animation=&#8220;Fade In&#8220;][\/vc_column][\/vc_row]\n","protected":false},"excerpt":{"rendered":"<p>[vc_row type=&#8220;full_width_background&#8220; bg_position=&#8220;left top&#8220; bg_repeat=&#8220;no-repeat&#8220; text_color=&#8220;light&#8220; text_align=&#8220;center&#8220; top_padding=&#8220;80&#8243; bottom_padding=&#8220;60&#8243; bg_color=&#8220;#f6653c&#8220;][vc_column width=&#8220;1\/1&#8243; enable_animation=&#8220;true&#8220; animation=&#8220;fade-in&#8220;][vc_column_text] Introducing The Nectar Page Builder A Modified version of Visual Composer that makes creating gorgeous pages a&#8230;<\/p>\n","protected":false},"author":1,"featured_media":0,"parent":23,"menu_order":20,"comment_status":"open","ping_status":"open","template":"","meta":{"footnotes":""},"class_list":["post-965","page","type-page","status-publish"],"yoast_head":"<!-- This site is optimized with the Yoast SEO plugin v27.4 - https:\/\/yoast.com\/product\/yoast-seo-wordpress\/ -->\n<title>Page Builder - Psychiatrick\u00e1 ambulance, nemocnice Hranice a.<\/title>\n<meta name=\"robots\" content=\"index, follow, max-snippet:-1, max-image-preview:large, max-video-preview:-1\" \/>\n<link rel=\"canonical\" href=\"http:\/\/psychiatrie-talova.cz\/index.php\/features\/page-builder\/\" \/>\n<meta property=\"og:locale\" content=\"cs_CZ\" \/>\n<meta property=\"og:type\" content=\"article\" \/>\n<meta property=\"og:title\" content=\"Page Builder - Psychiatrick\u00e1 ambulance, nemocnice Hranice a.\" \/>\n<meta property=\"og:description\" content=\"[vc_row type=&#8220;full_width_background&#8220; bg_position=&#8220;left top&#8220; bg_repeat=&#8220;no-repeat&#8220; text_color=&#8220;light&#8220; text_align=&#8220;center&#8220; top_padding=&#8220;80&#8243; bottom_padding=&#8220;60&#8243; bg_color=&#8220;#f6653c&#8220;][vc_column width=&#8220;1\/1&#8243; enable_animation=&#8220;true&#8220; animation=&#8220;fade-in&#8220;][vc_column_text] Introducing The Nectar Page Builder A Modified version of Visual Composer that makes creating gorgeous pages a...\" \/>\n<meta property=\"og:url\" content=\"http:\/\/psychiatrie-talova.cz\/index.php\/features\/page-builder\/\" \/>\n<meta property=\"og:site_name\" content=\"Psychiatrick\u00e1 ambulance, nemocnice Hranice a.\" \/>\n<meta name=\"twitter:card\" content=\"summary_large_image\" \/>\n<meta name=\"twitter:label1\" content=\"Odhadovan\u00e1 doba \u010dten\u00ed\" \/>\n\t<meta name=\"twitter:data1\" content=\"2 minuty\" \/>\n<script type=\"application\/ld+json\" class=\"yoast-schema-graph\">{\"@context\":\"https:\\\/\\\/schema.org\",\"@graph\":[{\"@type\":\"WebPage\",\"@id\":\"http:\\\/\\\/psychiatrie-talova.cz\\\/index.php\\\/features\\\/page-builder\\\/\",\"url\":\"http:\\\/\\\/psychiatrie-talova.cz\\\/index.php\\\/features\\\/page-builder\\\/\",\"name\":\"Page Builder - Psychiatrick\u00e1 ambulance, nemocnice Hranice a.\",\"isPartOf\":{\"@id\":\"https:\\\/\\\/psychiatrie-talova.cz\\\/#website\"},\"datePublished\":\"2014-01-17T19:06:47+00:00\",\"breadcrumb\":{\"@id\":\"http:\\\/\\\/psychiatrie-talova.cz\\\/index.php\\\/features\\\/page-builder\\\/#breadcrumb\"},\"inLanguage\":\"cs\",\"potentialAction\":[{\"@type\":\"ReadAction\",\"target\":[\"http:\\\/\\\/psychiatrie-talova.cz\\\/index.php\\\/features\\\/page-builder\\\/\"]}]},{\"@type\":\"BreadcrumbList\",\"@id\":\"http:\\\/\\\/psychiatrie-talova.cz\\\/index.php\\\/features\\\/page-builder\\\/#breadcrumb\",\"itemListElement\":[{\"@type\":\"ListItem\",\"position\":1,\"name\":\"Dom\u016f\",\"item\":\"https:\\\/\\\/psychiatrie-talova.cz\\\/\"},{\"@type\":\"ListItem\",\"position\":2,\"name\":\"Features\",\"item\":\"http:\\\/\\\/psychiatrie-talova.cz\\\/index.php\\\/features\\\/\"},{\"@type\":\"ListItem\",\"position\":3,\"name\":\"Page Builder\"}]},{\"@type\":\"WebSite\",\"@id\":\"https:\\\/\\\/psychiatrie-talova.cz\\\/#website\",\"url\":\"https:\\\/\\\/psychiatrie-talova.cz\\\/\",\"name\":\"Psychiatrick\u00e1 ambulance, nemocnice Hranice a.\",\"description\":\"Dal\u0161\u00ed web pou\u017e\u00edvaj\u00edc\u00ed WordPress\",\"potentialAction\":[{\"@type\":\"SearchAction\",\"target\":{\"@type\":\"EntryPoint\",\"urlTemplate\":\"https:\\\/\\\/psychiatrie-talova.cz\\\/?s={search_term_string}\"},\"query-input\":{\"@type\":\"PropertyValueSpecification\",\"valueRequired\":true,\"valueName\":\"search_term_string\"}}],\"inLanguage\":\"cs\"}]}<\/script>\n<!-- \/ Yoast SEO plugin. -->","yoast_head_json":{"title":"Page Builder - Psychiatrick\u00e1 ambulance, nemocnice Hranice a.","robots":{"index":"index","follow":"follow","max-snippet":"max-snippet:-1","max-image-preview":"max-image-preview:large","max-video-preview":"max-video-preview:-1"},"canonical":"http:\/\/psychiatrie-talova.cz\/index.php\/features\/page-builder\/","og_locale":"cs_CZ","og_type":"article","og_title":"Page Builder - Psychiatrick\u00e1 ambulance, nemocnice Hranice a.","og_description":"[vc_row type=&#8220;full_width_background&#8220; bg_position=&#8220;left top&#8220; bg_repeat=&#8220;no-repeat&#8220; text_color=&#8220;light&#8220; text_align=&#8220;center&#8220; top_padding=&#8220;80&#8243; bottom_padding=&#8220;60&#8243; bg_color=&#8220;#f6653c&#8220;][vc_column width=&#8220;1\/1&#8243; enable_animation=&#8220;true&#8220; animation=&#8220;fade-in&#8220;][vc_column_text] Introducing The Nectar Page Builder A Modified version of Visual Composer that makes creating gorgeous pages a...","og_url":"http:\/\/psychiatrie-talova.cz\/index.php\/features\/page-builder\/","og_site_name":"Psychiatrick\u00e1 ambulance, nemocnice Hranice a.","twitter_card":"summary_large_image","twitter_misc":{"Odhadovan\u00e1 doba \u010dten\u00ed":"2 minuty"},"schema":{"@context":"https:\/\/schema.org","@graph":[{"@type":"WebPage","@id":"http:\/\/psychiatrie-talova.cz\/index.php\/features\/page-builder\/","url":"http:\/\/psychiatrie-talova.cz\/index.php\/features\/page-builder\/","name":"Page Builder - Psychiatrick\u00e1 ambulance, nemocnice Hranice a.","isPartOf":{"@id":"https:\/\/psychiatrie-talova.cz\/#website"},"datePublished":"2014-01-17T19:06:47+00:00","breadcrumb":{"@id":"http:\/\/psychiatrie-talova.cz\/index.php\/features\/page-builder\/#breadcrumb"},"inLanguage":"cs","potentialAction":[{"@type":"ReadAction","target":["http:\/\/psychiatrie-talova.cz\/index.php\/features\/page-builder\/"]}]},{"@type":"BreadcrumbList","@id":"http:\/\/psychiatrie-talova.cz\/index.php\/features\/page-builder\/#breadcrumb","itemListElement":[{"@type":"ListItem","position":1,"name":"Dom\u016f","item":"https:\/\/psychiatrie-talova.cz\/"},{"@type":"ListItem","position":2,"name":"Features","item":"http:\/\/psychiatrie-talova.cz\/index.php\/features\/"},{"@type":"ListItem","position":3,"name":"Page Builder"}]},{"@type":"WebSite","@id":"https:\/\/psychiatrie-talova.cz\/#website","url":"https:\/\/psychiatrie-talova.cz\/","name":"Psychiatrick\u00e1 ambulance, nemocnice Hranice a.","description":"Dal\u0161\u00ed web pou\u017e\u00edvaj\u00edc\u00ed WordPress","potentialAction":[{"@type":"SearchAction","target":{"@type":"EntryPoint","urlTemplate":"https:\/\/psychiatrie-talova.cz\/?s={search_term_string}"},"query-input":{"@type":"PropertyValueSpecification","valueRequired":true,"valueName":"search_term_string"}}],"inLanguage":"cs"}]}},"_links":{"self":[{"href":"http:\/\/psychiatrie-talova.cz\/index.php\/wp-json\/wp\/v2\/pages\/965","targetHints":{"allow":["GET"]}}],"collection":[{"href":"http:\/\/psychiatrie-talova.cz\/index.php\/wp-json\/wp\/v2\/pages"}],"about":[{"href":"http:\/\/psychiatrie-talova.cz\/index.php\/wp-json\/wp\/v2\/types\/page"}],"author":[{"embeddable":true,"href":"http:\/\/psychiatrie-talova.cz\/index.php\/wp-json\/wp\/v2\/users\/1"}],"replies":[{"embeddable":true,"href":"http:\/\/psychiatrie-talova.cz\/index.php\/wp-json\/wp\/v2\/comments?post=965"}],"version-history":[{"count":0,"href":"http:\/\/psychiatrie-talova.cz\/index.php\/wp-json\/wp\/v2\/pages\/965\/revisions"}],"up":[{"embeddable":true,"href":"http:\/\/psychiatrie-talova.cz\/index.php\/wp-json\/wp\/v2\/pages\/23"}],"wp:attachment":[{"href":"http:\/\/psychiatrie-talova.cz\/index.php\/wp-json\/wp\/v2\/media?parent=965"}],"curies":[{"name":"wp","href":"https:\/\/api.w.org\/{rel}","templated":true}]}}